{"id":141,"date":"2020-02-17T11:00:08","date_gmt":"2020-02-17T11:00:08","guid":{"rendered":"https:\/\/demosites.io\/fitness-gb\/?page_id=141"},"modified":"2021-07-17T11:11:47","modified_gmt":"2021-07-17T11:11:47","slug":"dienstleistungen","status":"publish","type":"page","link":"https:\/\/dellenentfernung-inform.de\/index.php\/dienstleistungen\/","title":{"rendered":"Dienstleistungen"},"content":{"rendered":"\n<div class=\"wp-block-cover alignfull has-background-dim\" style=\"background-color:#272c3f;min-height:300px\"><div class=\"wp-block-cover__inner-container\">\n<div style=\"height:140px\" aria-hidden=\"true\" class=\"wp-block-spacer\"><\/div>\n\n\n\n<h2 class=\"has-text-align-center has-nv-text-dark-bg-color has-text-color\">Dienstleistungen f\u00fcr Privatkunden und Unternehmen aller Art<\/h2>\n\n\n\n<div class=\"wp-block-buttons aligncenter\">\n<div class=\"wp-block-button is-style-primary\"><a class=\"wp-block-button__link\" href=\"https:\/\/dellenentfernung-inform.de\/index.php\/unser-team\/\">Mehr \u00fcber uns<\/a><\/div>\n<\/div>\n\n\n\n<div style=\"height:140px\" aria-hidden=\"true\" class=\"wp-block-spacer\"><\/div>\n<\/div><\/div>\n\n\n\n<div class=\"wp-block-themeisle-blocks-advanced-columns alignfull has-2-columns has-desktop-equal-layout has-tablet-equal-layout has-mobile-collapsedRows-layout has-default-gap has-vertical-center sm-separator\" id=\"wp-block-themeisle-blocks-advanced-columns-1afa0976\"><div class=\"wp-block-themeisle-blocks-advanced-columns-overlay\"><\/div><div class=\"innerblocks-wrap\">\n<div class=\"wp-block-themeisle-blocks-advanced-column\" id=\"wp-block-themeisle-blocks-advanced-column-4efd4381\">\n<figure class=\"wp-block-image size-large is-style-default\"><img src=\"https:\/\/www.dellenentfernung-inform.de\/wp-content\/uploads\/2021\/03\/8.jpg\" alt=\"\"\/><figcaption>Dellenentfernung vom Profi<\/figcaption><\/figure>\n<\/div>\n\n\n\n<div class=\"wp-block-themeisle-blocks-advanced-column\" id=\"wp-block-themeisle-blocks-advanced-column-6c2514ca\">\n<h2 id=\"wp-block-themeisle-blocks-advanced-heading-b120844a\" class=\"wp-block-themeisle-blocks-advanced-heading wp-block-themeisle-blocks-advanced-heading-b120844a\"><strong>Professionelle Dellenentfernung<\/strong><\/h2>\n\n\n\n<hr class=\"wp-block-separator has-text-color has-background has-text-color-background-color has-text-color-color is-style-wide\"\/>\n\n\n\n<p>Wir sind Spezialisten wenn es um schnelle Dellenentfernung ohne Lackieren geht. Dellen und Beulen am Fahrzeug k\u00f6nnen durch herabfallende \u00c4ste oder durch Steinschl\u00e4ge am Auto sehr schnell und unerwartet entstehen, vor allem beim Einkaufen oder T\u00fcr\u00f6ffnen aber auch durch Kinder und ihren Fahrr\u00e4dern die zu nah an Ihr Fahrzeug kommen. Mit unseren Techniken sparen Sie nicht nur Zeit sondern auch Geld.<\/p>\n\n\n\n<div class=\"wp-block-buttons\">\n<div class=\"wp-block-button is-style-primary\"><a class=\"wp-block-button__link\" href=\"https:\/\/dellenentfernung-inform.de\/index.php\/kostenlose-anfrage\/\">Jetzt Anfragen<\/a><\/div>\n<\/div>\n<\/div>\n<\/div><\/div>\n\n\n\n<div class=\"wp-block-themeisle-blocks-advanced-columns alignfull has-2-columns has-desktop-equal-layout has-tablet-equal-layout has-mobile-collapsedRows-layout has-reverse-columns-mobile has-default-gap has-vertical-center sm-separator\" id=\"wp-block-themeisle-blocks-advanced-columns-b8288416\"><div class=\"wp-block-themeisle-blocks-advanced-columns-overlay\"><\/div><div class=\"innerblocks-wrap\">\n<div class=\"wp-block-themeisle-blocks-advanced-column\" id=\"wp-block-themeisle-blocks-advanced-column-21fe34fa\">\n<h2 id=\"wp-block-themeisle-blocks-advanced-heading-b418e137\" class=\"wp-block-themeisle-blocks-advanced-heading wp-block-themeisle-blocks-advanced-heading-b418e137\"><strong>Professionelle Hagelsch\u00e4denreparatur<\/strong><\/h2>\n\n\n\n<hr class=\"wp-block-separator has-text-color has-background has-text-color-background-color has-text-color-color is-style-wide\"\/>\n\n\n\n<p>Hagelsch\u00e4den k\u00f6nnen gro\u00df und klein sein. Je nachdem wie schlimm die Sch\u00e4den sind gibt es verschiedene Herangehensweisen f\u00fcr eine Reparatur. Wir sind die ideale Erg\u00e4nzung f\u00fcr Ihr Autohaus oder Ihren Karosserie- und Lackierfachbetrieb. Sowohl im Schadensfall nach einem Hagelereignis als auch bei langfristigen Prozessketten haben wir eine passende L\u00f6sung f\u00fcr Sie.<\/p>\n\n\n\n<div class=\"wp-block-buttons\">\n<div class=\"wp-block-button is-style-primary\"><a class=\"wp-block-button__link\" href=\"https:\/\/dellenentfernung-inform.de\/index.php\/kostenlose-anfrage\/\">Jetzt Anfragen<\/a><\/div>\n<\/div>\n<\/div>\n\n\n\n<div class=\"wp-block-themeisle-blocks-advanced-column\" id=\"wp-block-themeisle-blocks-advanced-column-47276334\">\n<figure class=\"wp-block-image size-large is-style-default\"><img src=\"https:\/\/www.dellenentfernung-inform.de\/wp-content\/uploads\/2021\/03\/6.jpg\" alt=\"\"\/><figcaption>Hagelschaden Instandsetzung<\/figcaption><\/figure>\n<\/div>\n<\/div><\/div>\n\n\n\n<div class=\"wp-block-themeisle-blocks-advanced-columns alignfull has-2-columns has-desktop-equal-layout has-tablet-equal-layout has-mobile-collapsedRows-layout has-default-gap has-vertical-center sm-separator\" id=\"wp-block-themeisle-blocks-advanced-columns-e7b88f3d\"><div class=\"wp-block-themeisle-blocks-advanced-columns-overlay\"><\/div><div class=\"innerblocks-wrap\">\n<div class=\"wp-block-themeisle-blocks-advanced-column\" id=\"wp-block-themeisle-blocks-advanced-column-72d3c98f\">\n<figure class=\"wp-block-image size-large is-style-default\"><img src=\"https:\/\/www.dellenentfernung-inform.de\/wp-content\/uploads\/2021\/03\/vorher-nachher-kratzer.jpg\" alt=\"\"\/><figcaption>Smart-Repair<\/figcaption><\/figure>\n<\/div>\n\n\n\n<div class=\"wp-block-themeisle-blocks-advanced-column\" id=\"wp-block-themeisle-blocks-advanced-column-4ff0a91a\">\n<h2 id=\"wp-block-themeisle-blocks-advanced-heading-29fc710a\" class=\"wp-block-themeisle-blocks-advanced-heading wp-block-themeisle-blocks-advanced-heading-29fc710a\"><strong>Smart-Repair<\/strong><\/h2>\n\n\n\n<hr class=\"wp-block-separator has-text-color has-background has-text-color-background-color has-text-color-color is-style-wide\"\/>\n\n\n\n<p>Kleinere Sch\u00f6nheitsfehler sind f\u00fcr uns kein Problem. Hier ist das Smart-Repair eine schnelle und kosteng\u00fcnstige Reparaturtechnik, die zum urspr\u00fcnglichen Zustand des Fahrzeugs f\u00fchrt.<br><br>Die L\u00f6sung hierzu lautet: <strong>In Form GmbH<\/strong><\/p>\n\n\n\n<div class=\"wp-block-buttons\">\n<div class=\"wp-block-button is-style-primary\"><a class=\"wp-block-button__link\" href=\"https:\/\/dellenentfernung-inform.de\/index.php\/kostenlose-anfrage\/\">Jetzt Anfragen<\/a><\/div>\n<\/div>\n<\/div>\n<\/div><\/div>\n\n\n\n<div class=\"wp-block-themeisle-blocks-advanced-columns alignfull has-2-columns has-desktop-equal-layout has-tablet-equal-layout has-mobile-collapsedRows-layout has-reverse-columns-mobile has-default-gap has-vertical-center sm-separator\" id=\"wp-block-themeisle-blocks-advanced-columns-fa328d16\"><div class=\"wp-block-themeisle-blocks-advanced-columns-overlay\"><\/div><div class=\"innerblocks-wrap\">\n<div class=\"wp-block-themeisle-blocks-advanced-column\" id=\"wp-block-themeisle-blocks-advanced-column-e430efc2\">\n<h2 id=\"wp-block-themeisle-blocks-advanced-heading-813dda7b\" class=\"wp-block-themeisle-blocks-advanced-heading wp-block-themeisle-blocks-advanced-heading-813dda7b\"><strong>Professionelle Felgenreparaturen<\/strong><\/h2>\n\n\n\n<hr class=\"wp-block-separator has-text-color has-background has-text-color-background-color has-text-color-color is-style-wide\"\/>\n\n\n\n<p>Oft reicht auch, dass einmalig ordentlich der Bordstein mitgenommen wird und schon sind die Felgen hin\u00fcber-meint man. Doch in den meisten F\u00e4llen ist  kein Neukauf notwendig. Felgen lassen sich auf einfache und kosteng\u00fcnstig Art reparieren. Ob in Ihrem Fall eine Reparatur sinnvoll ist, erfahren Sie bei uns. <\/p>\n\n\n\n<div class=\"wp-block-buttons\">\n<div class=\"wp-block-button is-style-primary\"><a class=\"wp-block-button__link\" href=\"https:\/\/dellenentfernung-inform.de\/index.php\/kostenlose-anfrage\/\">Reparaturanfrage<\/a><\/div>\n<\/div>\n<\/div>\n\n\n\n<div class=\"wp-block-themeisle-blocks-advanced-column\" id=\"wp-block-themeisle-blocks-advanced-column-f4344cd1\">\n<figure class=\"wp-block-image size-large is-resized is-style-default\"><img loading=\"lazy\" src=\"https:\/\/www.dellenentfernung-inform.de\/wp-content\/uploads\/2021\/03\/felgenreparatur-1.jpg\" alt=\"\" width=\"507\" height=\"507\"\/><figcaption>Felgenreparatur<\/figcaption><\/figure>\n<\/div>\n<\/div><\/div>\n\n\n\n<div class=\"wp-block-themeisle-blocks-advanced-columns alignfull has-2-columns has-desktop-equal-layout has-tablet-equal-layout has-mobile-collapsedRows-layout has-default-gap has-vertical-center sm-separator\" id=\"wp-block-themeisle-blocks-advanced-columns-d3cb1e17\"><div class=\"wp-block-themeisle-blocks-advanced-columns-overlay\"><\/div><div class=\"innerblocks-wrap\">\n<div class=\"wp-block-themeisle-blocks-advanced-column\" id=\"wp-block-themeisle-blocks-advanced-column-71804328\">\n<figure class=\"wp-block-image size-large is-style-default\"><img src=\"https:\/\/www.dellenentfernung-inform.de\/wp-content\/uploads\/2021\/03\/AdobeStock_208664014-1-1024x683.jpeg\" alt=\"\"\/><figcaption>Schnell und einfach f\u00fcr Privat- und Gewerbliche Kunden<\/figcaption><\/figure>\n<\/div>\n\n\n\n<div class=\"wp-block-themeisle-blocks-advanced-column\" id=\"wp-block-themeisle-blocks-advanced-column-e1357cd1\">\n<h2 id=\"wp-block-themeisle-blocks-advanced-heading-c4e03bad\" class=\"wp-block-themeisle-blocks-advanced-heading wp-block-themeisle-blocks-advanced-heading-c4e03bad\"><strong>Weitere Sch\u00e4den<\/strong><\/h2>\n\n\n\n<hr class=\"wp-block-separator has-text-color has-background has-text-color-background-color has-text-color-color is-style-wide\"\/>\n\n\n\n<p>Nat\u00fcrlich gibt es neben Dellen und Beulen auch Kratzer oder andere Sch\u00e4den, die die Optik Ihres Fahrzeuges beeintr\u00e4chtigen. Dies k\u00f6nnen z.B. leichte Auffahrunf\u00e4lle oder Sonstiges sein. <\/p>\n\n\n\n<p>Sicher k\u00f6nnen wir Ihnen auch hierbei mit Rat und Tat zur Seite stehen. Schreiben Sie uns gerne an.<\/p>\n\n\n\n<div class=\"wp-block-buttons\">\n<div class=\"wp-block-button is-style-primary\"><a class=\"wp-block-button__link\" href=\"https:\/\/dellenentfernung-inform.de\/index.php\/kostenlose-anfrage\/\">Unverbindliche Anfrage<\/a><\/div>\n<\/div>\n<\/div>\n<\/div><\/div>\n\n\n\n<div class=\"wp-block-themeisle-blocks-advanced-columns has-1-columns has-desktop-equal-layout has-tablet-equal-layout has-mobile-equal-layout has-default-gap has-vertical-unset\" id=\"wp-block-themeisle-blocks-advanced-columns-d5bbe158\"><div class=\"wp-block-themeisle-blocks-advanced-columns-overlay\"><\/div><div class=\"innerblocks-wrap\">\n<div class=\"wp-block-themeisle-blocks-advanced-column\" id=\"wp-block-themeisle-blocks-advanced-column-3539a81d\">\n<span id=\"wp-block-themeisle-blocks-advanced-heading-b70f6fa7\" class=\"wp-block-themeisle-blocks-advanced-heading wp-block-themeisle-blocks-advanced-heading-b70f6fa7\"><strong>FAQ<\/strong><\/span>\n\n\n\n<h2 id=\"wp-block-themeisle-blocks-advanced-heading-8c53aa2d\" class=\"wp-block-themeisle-blocks-advanced-heading wp-block-themeisle-blocks-advanced-heading-8c53aa2d\">Fragen und Antworten<\/h2>\n\n\n\n<h5 id=\"wp-block-themeisle-blocks-advanced-heading-cd895a20\" class=\"wp-block-themeisle-blocks-advanced-heading wp-block-themeisle-blocks-advanced-heading-cd895a20\">Welche Sch\u00e4den k\u00f6nnen repariert werden?<\/h5>\n\n\n\n<p>In der Regel lassen sich alle Sch\u00e4den reparieren. Diese k\u00f6nnen wir schnell und kompetent beheben:<\/p>\n\n\n\n<ul><li>Dellen &amp; Beulen<\/li><li>Hagelsch\u00e4den<\/li><li>Kastaniensch\u00e4den<\/li><li>Parkrempler<\/li><li>Schrammen<\/li><li>Schnee- und Lawinensch\u00e4den<\/li><li>Kratzer im Lack<\/li><\/ul>\n\n\n\n<hr class=\"wp-block-separator has-text-color has-background has-text-color-background-color has-text-color-color is-style-wide\"\/>\n\n\n\n<h5 id=\"wp-block-themeisle-blocks-advanced-heading-f8542040\" class=\"wp-block-themeisle-blocks-advanced-heading wp-block-themeisle-blocks-advanced-heading-f8542040\">Wie wird das mit der Versicherung geregelt?<\/h5>\n\n\n\n<p>Versicherungsf\u00e4lle m\u00fcssen individuell besprochen werden. Gerne unterst\u00fctzen wir Sie dabei.<\/p>\n\n\n\n<hr class=\"wp-block-separator has-text-color has-background has-text-color-background-color has-text-color-color is-style-wide\"\/>\n\n\n\n<h5 id=\"wp-block-themeisle-blocks-advanced-heading-f588ad63\" class=\"wp-block-themeisle-blocks-advanced-heading wp-block-themeisle-blocks-advanced-heading-f588ad63\">Was kostet eine Dellenreparatur?<\/h5>\n\n\n\n<p>Diese Frage l\u00e4sst sich pauschal nicht beantworten, weil dies immer vom jeweiligen Schaden abh\u00e4ngt. Bitte setzen Sie sich mit uns dazu telefonisch in Verbindung.<\/p>\n\n\n\n<div class=\"wp-block-buttons\">\n<div class=\"wp-block-button is-style-secondary\"><a class=\"wp-block-button__link\" href=\"https:\/\/dellenentfernung-inform.de\/index.php\/kostenlose-anfrage\/\">Unverbindliches Angebot Anfragen<\/a><\/div>\n<\/div>\n<\/div>\n<\/div><\/div>\n","protected":false},"excerpt":{"rendered":"","protected":false},"author":1,"featured_media":0,"parent":0,"menu_order":0,"comment_status":"closed","ping_status":"closed","template":"","meta":{"neve_meta_sidebar":"full-width","neve_meta_container":"","neve_meta_enable_content_width":"on","neve_meta_content_width":100,"neve_meta_title_alignment":"","neve_meta_author_avatar":"","neve_post_elements_order":"","neve_meta_disable_header":"","neve_meta_disable_footer":"","neve_meta_disable_title":"","_ti_tpc_template_sync":false,"_ti_tpc_template_id":"sa340x58r0kq1fg1011h"},"_links":{"self":[{"href":"https:\/\/dellenentfernung-inform.de\/index.php\/wp-json\/wp\/v2\/pages\/141"}],"collection":[{"href":"https:\/\/dellenentfernung-inform.de\/index.php\/wp-json\/wp\/v2\/pages"}],"about":[{"href":"https:\/\/dellenentfernung-inform.de\/index.php\/wp-json\/wp\/v2\/types\/page"}],"author":[{"embeddable":true,"href":"https:\/\/dellenentfernung-inform.de\/index.php\/wp-json\/wp\/v2\/users\/1"}],"replies":[{"embeddable":true,"href":"https:\/\/dellenentfernung-inform.de\/index.php\/wp-json\/wp\/v2\/comments?post=141"}],"version-history":[{"count":35,"href":"https:\/\/dellenentfernung-inform.de\/index.php\/wp-json\/wp\/v2\/pages\/141\/revisions"}],"predecessor-version":[{"id":1120,"href":"https:\/\/dellenentfernung-inform.de\/index.php\/wp-json\/wp\/v2\/pages\/141\/revisions\/1120"}],"wp:attachment":[{"href":"https:\/\/dellenentfernung-inform.de\/index.php\/wp-json\/wp\/v2\/media?parent=141"}],"curies":[{"name":"wp","href":"https:\/\/api.w.org\/{rel}","templated":true}]}}