{"id":165,"date":"2020-02-18T07:34:41","date_gmt":"2020-02-18T07:34:41","guid":{"rendered":"https:\/\/demosites.io\/fitness-gb\/?page_id=165"},"modified":"2021-07-17T11:15:23","modified_gmt":"2021-07-17T11:15:23","slug":"business","status":"publish","type":"page","link":"https:\/\/dellenentfernung-inform.de\/index.php\/business\/","title":{"rendered":"Businessl\u00f6sungen"},"content":{"rendered":"\n<div class=\"wp-block-cover alignfull has-background-dim\" style=\"background-color:#272c3f;min-height:300px\"><div class=\"wp-block-cover__inner-container\">\n<div style=\"height:140px\" aria-hidden=\"true\" class=\"wp-block-spacer\"><\/div>\n\n\n\n<h2 class=\"has-text-align-center has-nv-text-dark-bg-color has-text-color\">Die perfekte L\u00f6sung f\u00fcr Ihr Business oder Fahrzeugflotte<\/h2>\n\n\n\n<div class=\"wp-block-buttons aligncenter\">\n<div class=\"wp-block-button is-style-primary\"><a class=\"wp-block-button__link\" href=\"https:\/\/dellenentfernung-inform.de\/index.php\/unser-team\/\">Mehr \u00fcber uns<\/a><\/div>\n<\/div>\n\n\n\n<div style=\"height:140px\" aria-hidden=\"true\" class=\"wp-block-spacer\"><\/div>\n<\/div><\/div>\n\n\n\n<section class=\"wp-block-themeisle-blocks-advanced-columns alignfull has-1-columns has-desktop-equal-layout has-tablet-equal-layout has-mobile-equal-layout has-nogap-gap has-vertical-flex-start\" id=\"wp-block-themeisle-blocks-advanced-columns-e4373a2b\"><div class=\"wp-block-themeisle-blocks-advanced-columns-overlay\"><\/div><div class=\"innerblocks-wrap\">\n<div class=\"wp-block-themeisle-blocks-advanced-column\" id=\"wp-block-themeisle-blocks-advanced-column-0b9db5af\">\n<section class=\"wp-block-themeisle-blocks-advanced-columns has-2-columns has-desktop-equal-layout has-tablet-equal-layout has-mobile-collapsedRows-layout has-nogap-gap has-vertical-center\" id=\"wp-block-themeisle-blocks-advanced-columns-62d68e08\"><div class=\"wp-block-themeisle-blocks-advanced-columns-overlay\"><\/div><div class=\"innerblocks-wrap\">\n<div class=\"wp-block-themeisle-blocks-advanced-column\" id=\"wp-block-themeisle-blocks-advanced-column-ba020b38\">\n<span id=\"wp-block-themeisle-blocks-advanced-heading-acff9ebd\" class=\"wp-block-themeisle-blocks-advanced-heading wp-block-themeisle-blocks-advanced-heading-acff9ebd\"><strong>In Form GmbH<\/strong><\/span>\n\n\n\n<h2 class=\"wp-block-themeisle-blocks-advanced-heading wp-block-themeisle-blocks-advanced-heading-a3e4dce8\" id=\"wp-block-themeisle-blocks-advanced-heading-a3e4dce8\"><strong>Dienstleistungen f\u00fcr Ihr Business<\/strong><\/h2>\n\n\n\n<p>Wir sind die ideale Erg\u00e4nzung f\u00fcr Ihr Unternehmen. Sowohl im Schadensfall nach einem Hagelereignis als auch bei weiteren Sch\u00e4den haben wir eine passende L\u00f6sung f\u00fcr Sie.<\/p>\n\n\n\n<p>Meistens hagelt es in den Monaten Mai, Juni, Juli, August und September, also in der Ferienzeit. Dadurch kommt es zu personellen Engp\u00e4ssen. Nach einem Hagelschlag k\u00f6nnen wir Sie zeitnah und kosteng\u00fcnstig direkt in Ihren R\u00e4umlichkeiten unterst\u00fctzen und unser mobiles Hagelteam h\u00e4lt Ihnen f\u00fcr Ihr normales Tagesgesch\u00e4ft den R\u00fccken frei. Mit Ihnen entwickelt wir innerhalb k\u00fcrzester Zeit eine individuelle L\u00f6sung, die an Ihre Infrastruktur ideal angepasst ist, um nach einem Hagelereignis die eigenen und die Kundenfahrzeuge instand zu setzen.<\/p>\n\n\n\n<p>Neben unserer Erfahrung bei der Hagelschadenbeseitigung bieten wir Ihnen auch umfangreiche Dienstleistungen im Bereich der professionellen Fahrzeugaufbereitung an. Egal, ob es um angekaufte Gebrauchtfahrzeuge, Neuwagen oder die Show-Room-Fahrzeuge geht: Wir sorgen daf\u00fcr, das alles gl\u00e4nzt!<\/p>\n<\/div>\n\n\n\n<div class=\"wp-block-themeisle-blocks-advanced-column\" id=\"wp-block-themeisle-blocks-advanced-column-6c94b24d\">\n<div class=\"wp-block-themeisle-blocks-progress-bar\" id=\"wp-block-themeisle-blocks-progress-bar-50182f44\" data-percent=\"95\" data-duration=\"2\"><div class=\"wp-block-themeisle-blocks-progress-bar__outer\"><span class=\"wp-block-themeisle-blocks-progress-bar__outer__title\">Schnelligkeit<\/span><\/div><div class=\"wp-block-themeisle-blocks-progress-bar__area\"><div class=\"wp-block-themeisle-blocks-progress-bar__area__bar\"><\/div><div class=\"wp-block-themeisle-blocks-progress-bar__progress wp-block-themeisle-blocks-progress-bar__number\">95%<\/div><\/div><\/div>\n\n\n\n<div class=\"wp-block-themeisle-blocks-progress-bar\" id=\"wp-block-themeisle-blocks-progress-bar-25f96a5b\" data-percent=\"98\" data-duration=\"2\"><div class=\"wp-block-themeisle-blocks-progress-bar__outer\"><span class=\"wp-block-themeisle-blocks-progress-bar__outer__title\">Individualit\u00e4t<\/span><\/div><div class=\"wp-block-themeisle-blocks-progress-bar__area\"><div class=\"wp-block-themeisle-blocks-progress-bar__area__bar\"><\/div><div class=\"wp-block-themeisle-blocks-progress-bar__progress wp-block-themeisle-blocks-progress-bar__number\">98%<\/div><\/div><\/div>\n\n\n\n<div class=\"wp-block-themeisle-blocks-progress-bar\" id=\"wp-block-themeisle-blocks-progress-bar-7e9afc4e\" data-percent=\"100\" data-duration=\"2\"><div class=\"wp-block-themeisle-blocks-progress-bar__outer\"><span class=\"wp-block-themeisle-blocks-progress-bar__outer__title\">Flexibilit\u00e4t<\/span><\/div><div class=\"wp-block-themeisle-blocks-progress-bar__area\"><div class=\"wp-block-themeisle-blocks-progress-bar__area__bar\"><\/div><div class=\"wp-block-themeisle-blocks-progress-bar__progress wp-block-themeisle-blocks-progress-bar__number\">100%<\/div><\/div><\/div>\n<\/div>\n<\/div><\/section>\n\n\n\n<section class=\"wp-block-themeisle-blocks-advanced-columns has-3-columns has-desktop-equal-layout has-tablet-equal-layout has-mobile-collapsedRows-layout has-nogap-gap has-vertical-flex-start\" id=\"wp-block-themeisle-blocks-advanced-columns-6fc7adce\"><div class=\"wp-block-themeisle-blocks-advanced-columns-overlay\"><\/div><div class=\"innerblocks-wrap\">\n<div class=\"wp-block-themeisle-blocks-advanced-column\" id=\"wp-block-themeisle-blocks-advanced-column-25e97a9a\">\n<figure class=\"wp-block-image size-large is-resized is-style-default\"><img loading=\"lazy\" src=\"https:\/\/www.dellenentfernung-inform.de\/wp-content\/uploads\/2021\/03\/240_F_314366634_hciSEXOtasyZA7zuQ2XIg9XsJK3dUyR1-300x200.jpg\" alt=\"\" width=\"360\" height=\"240\"\/><figcaption>Karosserie- und Lackierfachbetriebe<\/figcaption><\/figure>\n\n\n\n<figure class=\"wp-block-image size-large is-style-default\"><img src=\"https:\/\/www.dellenentfernung-inform.de\/wp-content\/uploads\/2021\/03\/240_F_222780093_uJExLKbJZF72liVRlnSiai6xfdPTdvFO.jpg\" alt=\"\"\/><figcaption>Autoh\u00e4user und H\u00e4ndler<\/figcaption><\/figure>\n<\/div>\n\n\n\n<div class=\"wp-block-themeisle-blocks-advanced-column\" id=\"wp-block-themeisle-blocks-advanced-column-b5b3ad1c\">\n<figure class=\"wp-block-image size-large is-style-default\"><img src=\"https:\/\/www.dellenentfernung-inform.de\/wp-content\/uploads\/2021\/03\/240_F_273712993_WS0glHriUrzk32gUp1L65Y2iIudnM2Nj.jpg\" alt=\"\"\/><figcaption>Leasingunternehmen<\/figcaption><\/figure>\n\n\n\n<figure class=\"wp-block-image size-large is-resized is-style-default\"><img loading=\"lazy\" src=\"https:\/\/www.dellenentfernung-inform.de\/wp-content\/uploads\/2021\/04\/iStock-1002003306_inform_1.jpg\" alt=\"\" width=\"360\" height=\"240\"\/><figcaption>Hersteller und Zulieferer<\/figcaption><\/figure>\n<\/div>\n\n\n\n<div class=\"wp-block-themeisle-blocks-advanced-column\" id=\"wp-block-themeisle-blocks-advanced-column-6be03cf4\">\n<figure class=\"wp-block-image size-large is-resized is-style-default\"><img loading=\"lazy\" src=\"https:\/\/www.dellenentfernung-inform.de\/wp-content\/uploads\/2021\/03\/240_F_227916353_JqJA3wVCUZUNeWHgd78ZO9W0GrbhiwSr.jpg\" alt=\"\" width=\"360\" height=\"240\"\/><figcaption>Versicherer<\/figcaption><\/figure>\n\n\n\n<figure class=\"wp-block-image size-large is-resized is-style-default\"><img loading=\"lazy\" src=\"https:\/\/www.dellenentfernung-inform.de\/wp-content\/uploads\/2021\/03\/240_F_389181722_xOizq5D8iF00sWKLmnt5qnwwhfBgiSjW-300x200.jpg\" alt=\"\" width=\"360\" height=\"240\"\/><figcaption>Privatkunden<\/figcaption><\/figure>\n<\/div>\n<\/div><\/section>\n<\/div>\n<\/div><\/section>\n\n\n\n<section class=\"wp-block-themeisle-blocks-advanced-columns alignfull has-2-columns has-desktop-equal-layout has-tablet-equal-layout has-mobile-collapsedRows-layout has-nogap-gap has-vertical-center\" id=\"wp-block-themeisle-blocks-advanced-columns-de72ff39\"><div class=\"wp-block-themeisle-blocks-advanced-columns-overlay\"><\/div><div class=\"innerblocks-wrap\">\n<div class=\"wp-block-themeisle-blocks-advanced-column\" id=\"wp-block-themeisle-blocks-advanced-column-41f6cecb\">\n<figure class=\"wp-block-image size-large is-resized is-style-default\"><img loading=\"lazy\" src=\"https:\/\/www.dellenentfernung-inform.de\/wp-content\/uploads\/2021\/03\/240_F_209048619_hEaSFRqrWVzMseyBiCH87FbXHZKUia1F.jpg\" alt=\"\" width=\"545\" height=\"363\"\/><\/figure>\n<\/div>\n\n\n\n<div class=\"wp-block-themeisle-blocks-advanced-column\" id=\"wp-block-themeisle-blocks-advanced-column-5af0a9d5\">\n<span id=\"wp-block-themeisle-blocks-advanced-heading-62eeaa9f\" class=\"wp-block-themeisle-blocks-advanced-heading wp-block-themeisle-blocks-advanced-heading-62eeaa9f\"><strong>Qualit\u00e4tsarbeit<\/strong><\/span>\n\n\n\n<h2 id=\"wp-block-themeisle-blocks-advanced-heading-9727c927\" class=\"wp-block-themeisle-blocks-advanced-heading wp-block-themeisle-blocks-advanced-heading-9727c927\">Unsere Reparaturtechniken<\/h2>\n\n\n\n<div class=\"wp-block-group\"><div class=\"wp-block-group__inner-container\">\n<p class=\"has-nv-site-bg-color has-text-color\"><strong>Hebeltechnik<\/strong><br>Bei dieser Technik wird mit einem Spezialwerkzeug die Unterseite des Bleches an kleinen Stellen nach oben gedr\u00fcckt. Die Delle wird aus dem Blech heraus \u201emassiert\u201c.<\/p>\n\n\n\n<p class=\"has-nv-site-bg-color has-text-color\"><strong>Klebetechnik<\/strong><br>An unzug\u00e4nglichen Stellen werden mit einem speziellen Kleber kleine Zugbolzen auf die Delle aufgesetzt und mit einem Zughammer abgezogen, ohne dabei den Lack zu besch\u00e4digen. Die Delle wird aus dem Blech \u201eherausgezogen\u201c.<\/p>\n\n\n\n<p class=\"has-nv-site-bg-color has-text-color\"><strong>Vorteile:<\/strong><\/p>\n\n\n\n<ul class=\"has-nv-site-bg-color has-text-color\"><li>Der Originallack bleibt vollst\u00e4ndig erhalten.<\/li><li>Bis zu 70% Kostenersparnis.<\/li><li>Kein Spachteln und Schleifen.<\/li><li>Keine Wertminderung beim sp\u00e4teren Verkauf.<\/li><\/ul>\n<\/div><\/div>\n<\/div>\n<\/div><\/section>\n\n\n\n<section class=\"wp-block-themeisle-blocks-advanced-columns alignfull has-2-columns has-desktop-equal-layout has-tablet-equal-layout has-mobile-collapsedRows-layout has-nogap-gap has-vertical-center\" id=\"wp-block-themeisle-blocks-advanced-columns-a2558073\"><div class=\"wp-block-themeisle-blocks-advanced-columns-overlay\"><\/div><div class=\"innerblocks-wrap\">\n<div class=\"wp-block-themeisle-blocks-advanced-column\" id=\"wp-block-themeisle-blocks-advanced-column-bba4a26c\">\n<span id=\"wp-block-themeisle-blocks-advanced-heading-2b9bfb8b\" class=\"wp-block-themeisle-blocks-advanced-heading wp-block-themeisle-blocks-advanced-heading-2b9bfb8b\"><strong>Schnell und einfach<\/strong><\/span>\n\n\n\n<h2 id=\"wp-block-themeisle-blocks-advanced-heading-d5af514f\" class=\"wp-block-themeisle-blocks-advanced-heading wp-block-themeisle-blocks-advanced-heading-d5af514f\">Vor-Ort-Service f\u00fcr Unternehmen und Gewerbetreibende.<\/h2>\n\n\n\n<p>Nach einem Hagelschlag k\u00f6nnen wir Siezeitnah und kosteng\u00fcnstig direkt in Ihrer Werkstatt unterst\u00fctzen und unser mobiles Hagelteam h\u00e4lt Ihnen f\u00fcr Ihr normales Tagesgesch\u00e4ft den R\u00fccken frei. Mit Ihnen entwickelt wir innerhalb k\u00fcrzester Zeit eine individuelle L\u00f6sung, die an Ihre Infrastruktur ideal angepasst ist, um nach einem Hagelereignis die eigenen und die Kundenfahrzeuge instand zu setzen.<\/p>\n\n\n\n<div class=\"wp-block-buttons\">\n<div class=\"wp-block-button is-style-secondary\"><a class=\"wp-block-button__link\" href=\"https:\/\/dellenentfernung-inform.de\/index.php\/kostenlose-anfrage\/\">Jetzt Anfragen<\/a><\/div>\n<\/div>\n<\/div>\n\n\n\n<div class=\"wp-block-themeisle-blocks-advanced-column\" id=\"wp-block-themeisle-blocks-advanced-column-befd6aa7\">\n<figure class=\"wp-block-image size-large is-style-default\"><img src=\"https:\/\/www.dellenentfernung-inform.de\/wp-content\/uploads\/2021\/03\/Vor-Ort-Service-InForm.jpg\" alt=\"\"\/><figcaption>Vor-Ort-Service<\/figcaption><\/figure>\n<\/div>\n<\/div><\/section>\n","protected":false},"excerpt":{"rendered":"","protected":false},"author":1,"featured_media":0,"parent":0,"menu_order":0,"comment_status":"closed","ping_status":"closed","template":"","meta":{"neve_meta_sidebar":"full-width","neve_meta_container":"","neve_meta_enable_content_width":"on","neve_meta_content_width":100,"neve_meta_title_alignment":"","neve_meta_author_avatar":"","neve_post_elements_order":"","neve_meta_disable_header":"","neve_meta_disable_footer":"","neve_meta_disable_title":"","_ti_tpc_template_sync":false,"_ti_tpc_template_id":"p127pwpnjwshj89wo7pr"},"_links":{"self":[{"href":"https:\/\/dellenentfernung-inform.de\/index.php\/wp-json\/wp\/v2\/pages\/165"}],"collection":[{"href":"https:\/\/dellenentfernung-inform.de\/index.php\/wp-json\/wp\/v2\/pages"}],"about":[{"href":"https:\/\/dellenentfernung-inform.de\/index.php\/wp-json\/wp\/v2\/types\/page"}],"author":[{"embeddable":true,"href":"https:\/\/dellenentfernung-inform.de\/index.php\/wp-json\/wp\/v2\/users\/1"}],"replies":[{"embeddable":true,"href":"https:\/\/dellenentfernung-inform.de\/index.php\/wp-json\/wp\/v2\/comments?post=165"}],"version-history":[{"count":23,"href":"https:\/\/dellenentfernung-inform.de\/index.php\/wp-json\/wp\/v2\/pages\/165\/revisions"}],"predecessor-version":[{"id":1127,"href":"https:\/\/dellenentfernung-inform.de\/index.php\/wp-json\/wp\/v2\/pages\/165\/revisions\/1127"}],"wp:attachment":[{"href":"https:\/\/dellenentfernung-inform.de\/index.php\/wp-json\/wp\/v2\/media?parent=165"}],"curies":[{"name":"wp","href":"https:\/\/api.w.org\/{rel}","templated":true}]}}