{"id":257,"date":"2021-01-07T22:12:15","date_gmt":"2021-01-07T22:12:15","guid":{"rendered":"https:\/\/www.wp.dellenentfernung-inform.de\/?page_id=257"},"modified":"2026-02-23T13:28:03","modified_gmt":"2026-02-23T13:28:03","slug":"impressum","status":"publish","type":"page","link":"https:\/\/dellenentfernung-inform.de\/index.php\/impressum\/","title":{"rendered":"Impressum"},"content":{"rendered":"\n<p><strong>In Form GmbH <\/strong><\/p>\n\n\n\n<p>Seckenheimer Landstrasse 107 <br>68163 Mannheim <br>Deutschland <\/p>\n\n\n\n<p>Tel.: +49 (0) 621 \u2013 8460035 <br>Fax: +49 (0) 621 \u2013 8460036 <br>E-Mail: info@inform-gruppe.de <\/p>\n\n\n\n<p><strong>Registereintragungen:<\/strong><br>Registergericht: Amtsgericht Mannheim <br>Registernummer: HRB 754364 <\/p>\n\n\n\n<p><strong>Gesch\u00e4ftsf\u00fchrer: <br><\/strong>Herr A. Asani <\/p>\n\n\n\n<p><strong>Umsatzsteuer-Identifikationsnummer:<\/strong><br>gem\u00e4\u00df \u00a7 27 a Umsatzsteuergesetz: DE276361759 <\/p>\n\n\n\n<p>Plattform der EU-Kommission zur Online-Streitbeilegung: <a href=\"https:\/\/ec.europa.eu\/odr\" data-type=\"URL\" data-id=\"https:\/\/ec.europa.eu\/odr\">https:\/\/ec.europa.eu\/odr <\/a><br>Wir sind zur Teilnahme an einem Streitbeilegungsverfahren vor einer Verbraucherschlichtungsstelle weder verpflichtet noch bereit. <\/p>\n\n\n\n<p><strong>Verantwortliche\/r i.S.d. \u00a7 18 Abs. 2 MStV:<\/strong><br>Herr A. Asani, Seckenheimer Landstrasse 107, 68163 Mannheim<\/p>\n\n\n\n<p><strong>Visualisierung:<\/strong><br>PRIMO Full-Service Werbeagentur GmbH<br><a href=\"https:\/\/www.primo-agentur.de\n\">https:\/\/www.primo-agentur.de<br><\/a><br><strong>SEO Optimierung:<\/strong><br>MIT &#8211; Mannheimer IT-Service<br><a href=\"https:\/\/www.mannheimer-it-service.de\">https:\/\/www.mannheimer-it-service.de<\/a><\/p>\n","protected":false},"excerpt":{"rendered":"<p>In Form GmbH Seckenheimer Landstrasse 107 68163 Mannheim Deutschland Tel.: +49 (0) 621 \u2013 8460035 Fax: +49 (0) 621 \u2013 8460036 E-Mail: info@inform-gruppe.de Registereintragungen:Registergericht: Amtsgericht Mannheim Registernummer: HRB 754364 Gesch\u00e4ftsf\u00fchrer: Herr A. Asani Umsatzsteuer-Identifikationsnummer:gem\u00e4\u00df \u00a7 27 a Umsatzsteuergesetz: DE276361759 Plattform der EU-Kommission zur Online-Streitbeilegung: https:\/\/ec.europa.eu\/odr Wir sind zur Teilnahme an einem Streitbeilegungsverfahren vor einer Verbraucherschlichtungsstelle&hellip;&nbsp;<a href=\"https:\/\/dellenentfernung-inform.de\/index.php\/impressum\/\" class=\"\" rel=\"bookmark\">Weiterlesen &raquo;<span class=\"screen-reader-text\">Impressum<\/span><\/a><\/p>\n","protected":false},"author":1,"featured_media":0,"parent":0,"menu_order":0,"comment_status":"closed","ping_status":"closed","template":"","meta":{"neve_meta_sidebar":"default","neve_meta_container":"","neve_meta_enable_content_width":"on","neve_meta_content_width":100,"neve_meta_title_alignment":"","neve_meta_author_avatar":"","neve_post_elements_order":"","neve_meta_disable_header":"off","neve_meta_disable_footer":"","neve_meta_disable_title":"","_ti_tpc_template_sync":false,"_ti_tpc_template_id":""},"_links":{"self":[{"href":"https:\/\/dellenentfernung-inform.de\/index.php\/wp-json\/wp\/v2\/pages\/257"}],"collection":[{"href":"https:\/\/dellenentfernung-inform.de\/index.php\/wp-json\/wp\/v2\/pages"}],"about":[{"href":"https:\/\/dellenentfernung-inform.de\/index.php\/wp-json\/wp\/v2\/types\/page"}],"author":[{"embeddable":true,"href":"https:\/\/dellenentfernung-inform.de\/index.php\/wp-json\/wp\/v2\/users\/1"}],"replies":[{"embeddable":true,"href":"https:\/\/dellenentfernung-inform.de\/index.php\/wp-json\/wp\/v2\/comments?post=257"}],"version-history":[{"count":20,"href":"https:\/\/dellenentfernung-inform.de\/index.php\/wp-json\/wp\/v2\/pages\/257\/revisions"}],"predecessor-version":[{"id":1161,"href":"https:\/\/dellenentfernung-inform.de\/index.php\/wp-json\/wp\/v2\/pages\/257\/revisions\/1161"}],"wp:attachment":[{"href":"https:\/\/dellenentfernung-inform.de\/index.php\/wp-json\/wp\/v2\/media?parent=257"}],"curies":[{"name":"wp","href":"https:\/\/api.w.org\/{rel}","templated":true}]}}