{"id":278,"date":"2021-01-07T22:34:29","date_gmt":"2021-01-07T22:34:29","guid":{"rendered":"https:\/\/www.wp.dellenentfernung-inform.de\/?page_id=278"},"modified":"2021-01-07T22:34:30","modified_gmt":"2021-01-07T22:34:30","slug":"widerrufsbelehrung","status":"publish","type":"page","link":"https:\/\/dellenentfernung-inform.de\/index.php\/widerrufsbelehrung\/","title":{"rendered":"Widerrufsbelehrung"},"content":{"rendered":"\n<h3>WIDERRUFSBELEHRUNG &amp; WIDERRUFSFORMULAR<\/h3>\n\n\n\n<p>Verbrauchern steht ein Widerrufsrecht nach folgender Ma\u00dfgabe zu, wobei Verbraucher jede nat\u00fcrliche Person ist, die ein Rechtsgesch\u00e4ft zu Zwecken abschlie\u00dft, die \u00fcberwiegend weder ihrer gewerblichen noch ihrer selbst\u00e4ndigen beruflichen T\u00e4tigkeit zugerechnet werden k\u00f6nnen:<\/p>\n\n\n\n<h3>A. WIDERRUFSBELEHRUNG<\/h3>\n\n\n\n<h3>WIDERRUFSRECHT<\/h3>\n\n\n\n<p>Sie haben das Recht, binnen 1 Monat ohne Angabe von Gr\u00fcnden diesen Vertrag zu widerrufen.<\/p>\n\n\n\n<p>Die Widerrufsfrist betr\u00e4gt 1 Monat ab dem Tag, an dem Sie oder ein von Ihnen benannter Dritter, der nicht der Bef\u00f6rderer ist, die letzte Ware in Besitz genommen haben bzw. hat.<\/p>\n\n\n\n<p>Abweichend hiervon betr\u00e4gt die Widerrufsfrist im Falle eines Vertrags zur regelm\u00e4\u00dfigen Lieferung von Waren \u00fcber einen festgelegten Zeitraum hinweg vierzehn Tage ab dem Tag, an dem Sie oder ein von Ihnen benannter Dritter, der nicht der Bef\u00f6rderer ist, die erste Ware in Besitz genommen haben bzw. hat.<\/p>\n\n\n\n<p>Um Ihr Widerrufsrecht auszu\u00fcben, m\u00fcssen Sie uns (In Form GmbH, Seckenheimer Landstrasse 107, 68163 Mannheim, Deutschland, Tel.: +49 (0) 621 \u2013 8460035, Fax: +49 (0) 621 \u2013 8460036, E-Mail: info@inform-gruppe.de) mittels einer eindeutigen Erkl\u00e4rung (z. B. ein mit der Post versandter Brief, Telefax oder E-Mail) \u00fcber Ihren Entschluss, diesen Vertrag zu widerrufen, informieren. Sie k\u00f6nnen daf\u00fcr das beigef\u00fcgte Muster-Widerrufsformular verwenden, das jedoch nicht vorgeschrieben ist.<\/p>\n\n\n\n<p>Zur Wahrung der Widerrufsfrist reicht es aus, dass Sie die Mitteilung \u00fcber die Aus\u00fcbung des Widerrufsrechts vor Ablauf der Widerrufsfrist absenden.<\/p>\n\n\n\n<h3>FOLGEN DES WIDERRUFS<\/h3>\n\n\n\n<p>Wenn Sie diesen Vertrag widerrufen, haben wir Ihnen alle Zahlungen, die wir von Ihnen erhalten haben, einschlie\u00dflich der Lieferkosten (mit Ausnahme der zus\u00e4tzlichen Kosten, die sich daraus ergeben, dass Sie eine andere Art der Lieferung als die von uns angebotene, g\u00fcnstigste Standardlieferung gew\u00e4hlt haben), unverz\u00fcglich und sp\u00e4testens binnen vierzehn Tagen ab dem Tag zur\u00fcckzuzahlen, an dem die Mitteilung \u00fcber Ihren Widerruf dieses Vertrags bei uns eingegangen ist. F\u00fcr diese R\u00fcckzahlung verwenden wir dasselbe Zahlungsmittel, das Sie bei der urspr\u00fcnglichen Transaktion eingesetzt haben, es sei denn, mit Ihnen wurde ausdr\u00fccklich etwas anderes vereinbart; in keinem Fall werden Ihnen wegen dieser R\u00fcckzahlung Entgelte berechnet. Wir k\u00f6nnen die R\u00fcckzahlung verweigern, bis wir die Waren wieder zur\u00fcckerhalten haben oder bis Sie den Nachweis erbracht haben, dass Sie die Waren zur\u00fcckgesandt haben, je nachdem, welches der fr\u00fchere Zeitpunkt ist.<\/p>\n\n\n\n<p>Sie haben die Waren unverz\u00fcglich und in jedem Fall sp\u00e4testens binnen vierzehn Tagen ab dem Tag, an dem Sie uns \u00fcber den Widerruf dieses Vertrags unterrichten, an uns zur\u00fcckzusenden oder zu \u00fcbergeben. Die Frist ist gewahrt, wenn Sie die Waren vor Ablauf der Frist von vierzehn Tagen absenden.<\/p>\n\n\n\n<p>Sie tragen die unmittelbaren Kosten der R\u00fccksendung der Waren.<\/p>\n\n\n\n<p>Sie m\u00fcssen f\u00fcr einen etwaigen Wertverlust der Waren nur aufkommen, wenn dieser Wertverlust auf einen zur Pr\u00fcfung der Beschaffenheit, Eigenschaften und Funktionsweise der Waren nicht notwendigen Umgang mit ihnen zur\u00fcckzuf\u00fchren ist.<\/p>\n\n\n\n<h3>AUSSCHLUSS BZW. VORZEITIGES ERL\u00d6SCHEN DES WIDERRUFSRECHTS<\/h3>\n\n\n\n<p>Das Widerrufsrecht besteht nicht bei Vertr\u00e4gen zur Lieferung von Waren, die nicht vorgefertigt sind und f\u00fcr deren Herstellung eine individuelle Auswahl oder Bestimmung durch den Verbraucher ma\u00dfgeblich ist oder die eindeutig auf die pers\u00f6nlichen Bed\u00fcrfnisse des Verbrauchers zugeschnitten sind.<\/p>\n\n\n\n<p>Das Widerrufsrecht erlischt vorzeitig bei Vertr\u00e4gen zur Lieferung versiegelter Waren, die aus Gr\u00fcnden des Gesundheitsschutzes oder der Hygiene nicht zur R\u00fcckgabe geeignet sind, wenn ihre Versiegelung nach der Lieferung entfernt wurde.<\/p>\n\n\n\n<p>Das Widerrufsrecht erlischt vorzeitig bei Vertr\u00e4gen zur Lieferung von Waren, wenn diese nach der Lieferung auf Grund ihrer Beschaffenheit untrennbar mit anderen G\u00fctern vermischt wurden.<\/p>\n\n\n\n<p>Das Widerrufsrecht erlischt vorzeitig bei Vertr\u00e4gen zur Lieferung von Ton- oder Videoaufnahmen oder Computersoftware in einer versiegelten Packung, wenn die Versiegelung nach der Lieferung entfernt wurde.<\/p>\n\n\n\n<p>Das Widerrufsrecht gilt nicht f\u00fcr Verbraucher, die zum Zeitpunkt des Vertragsschlusses keinem Mitgliedstaat der Europ\u00e4ischen Union angeh\u00f6ren und deren alleiniger Wohnsitz und Lieferadresse zum Zeitpunkt des Vertragsschlusses au\u00dferhalb der Europ\u00e4ischen Union liegen.<\/p>\n\n\n\n<h3>VERBUNDENE\/FINANZIERTE GESCH\u00c4FTE<\/h3>\n\n\n\n<p>Wenn Sie diesen Vertrag durch ein Darlehen finanzieren und ihn sp\u00e4ter widerrufen, sind Sie auch an den Darlehensvertrag nicht mehr gebunden, sofern beide Vertr\u00e4ge eine wirtschaftliche Einheit bilden. Dies ist insbesondere dann anzunehmen, wenn wir gleichzeitig Ihr Darlehensgeber sind oder wenn sich Ihr Darlehensgeber im Hinblick auf die Finanzierung unserer Mitwirkung bedient. Wenn uns das Darlehen bei Wirksamwerden des Widerrufs oder bei der R\u00fcckgabe der Ware bereits zugeflossen ist, tritt Ihr Darlehensgeber im Verh\u00e4ltnis zu Ihnen hinsichtlich der Rechtsfolgen des Widerrufs oder der R\u00fcckgabe in unsere Rechte und Pflichten aus dem finanzierten Vertrag ein. Letzteres gilt nicht, wenn der vorliegende Vertrag den Erwerb von Finanzinstrumenten (z.B. von Wertpapieren, Devisen oder Derivaten) zum Gegenstand hat. Wollen Sie eine vertragliche Bindung so weitgehend wie m\u00f6glich vermeiden, machen Sie von Ihrem Widerrufsrecht Gebrauch und widerrufen Sie zudem den Darlehensvertrag, wenn Ihnen auch daf\u00fcr ein Widerrufsrecht zusteht.<\/p>\n\n\n\n<h3>B. WIDERRUFSFORMULAR<\/h3>\n\n\n\n<p>Wenn Sie den Vertrag widerrufen wollen, dann f\u00fcllen Sie bitte dieses Formular aus und senden es zur\u00fcck.<\/p>\n\n\n\n<p>An<\/p>\n\n\n\n<p>In Form GmbH<br>Seckenheimer Landstrasse 107<br>68163 Mannheim<br>Deutschland<br>Fax: +49 (0) 621 \u2013 8460036<br>E-Mail: info@inform-gruppe.de<\/p>\n\n\n\n<p>Hiermit widerrufe(n) ich\/wir (*) den von mir\/uns (*) abgeschlossenen Vertrag \u00fcber den Kauf der folgenden Waren (*)\/die Erbringung der folgenden Dienstleistung (*)<\/p>\n\n\n\n<p>_______________________________________________________<\/p>\n\n\n\n<p>_______________________________________________________<\/p>\n\n\n\n<p>Bestellt am (*) ____________ \/ erhalten am (*) __________________<\/p>\n\n\n\n<p>________________________________________________________<br>Name des\/der Verbraucher(s)<\/p>\n\n\n\n<p>________________________________________________________<br>Anschrift des\/der Verbraucher(s)<\/p>\n\n\n\n<p>________________________________________________________<br>Unterschrift des\/der Verbraucher(s) (nur bei Mitteilung auf Papier)<\/p>\n\n\n\n<p>_________________________<br>Datum<\/p>\n\n\n\n<p>(*) Unzutreffendes streichen<\/p>\n","protected":false},"excerpt":{"rendered":"<p>WIDERRUFSBELEHRUNG &amp; WIDERRUFSFORMULAR Verbrauchern steht ein Widerrufsrecht nach folgender Ma\u00dfgabe zu, wobei Verbraucher jede nat\u00fcrliche Person ist, die ein Rechtsgesch\u00e4ft zu Zwecken abschlie\u00dft, die \u00fcberwiegend weder ihrer gewerblichen noch ihrer selbst\u00e4ndigen beruflichen T\u00e4tigkeit zugerechnet werden k\u00f6nnen: A. WIDERRUFSBELEHRUNG WIDERRUFSRECHT Sie haben das Recht, binnen 1 Monat ohne Angabe von Gr\u00fcnden diesen Vertrag zu widerrufen. Die&hellip;&nbsp;<a href=\"https:\/\/dellenentfernung-inform.de\/index.php\/widerrufsbelehrung\/\" class=\"\" rel=\"bookmark\">Weiterlesen &raquo;<span class=\"screen-reader-text\">Widerrufsbelehrung<\/span><\/a><\/p>\n","protected":false},"author":1,"featured_media":0,"parent":0,"menu_order":0,"comment_status":"closed","ping_status":"closed","template":"","meta":{"neve_meta_sidebar":"full-width","neve_meta_container":"","neve_meta_enable_content_width":"on","neve_meta_content_width":100,"neve_meta_title_alignment":"","neve_meta_author_avatar":"","neve_post_elements_order":"","neve_meta_disable_header":"","neve_meta_disable_footer":"","neve_meta_disable_title":"","_ti_tpc_template_sync":false,"_ti_tpc_template_id":""},"_links":{"self":[{"href":"https:\/\/dellenentfernung-inform.de\/index.php\/wp-json\/wp\/v2\/pages\/278"}],"collection":[{"href":"https:\/\/dellenentfernung-inform.de\/index.php\/wp-json\/wp\/v2\/pages"}],"about":[{"href":"https:\/\/dellenentfernung-inform.de\/index.php\/wp-json\/wp\/v2\/types\/page"}],"author":[{"embeddable":true,"href":"https:\/\/dellenentfernung-inform.de\/index.php\/wp-json\/wp\/v2\/users\/1"}],"replies":[{"embeddable":true,"href":"https:\/\/dellenentfernung-inform.de\/index.php\/wp-json\/wp\/v2\/comments?post=278"}],"version-history":[{"count":1,"href":"https:\/\/dellenentfernung-inform.de\/index.php\/wp-json\/wp\/v2\/pages\/278\/revisions"}],"predecessor-version":[{"id":279,"href":"https:\/\/dellenentfernung-inform.de\/index.php\/wp-json\/wp\/v2\/pages\/278\/revisions\/279"}],"wp:attachment":[{"href":"https:\/\/dellenentfernung-inform.de\/index.php\/wp-json\/wp\/v2\/media?parent=278"}],"curies":[{"name":"wp","href":"https:\/\/api.w.org\/{rel}","templated":true}]}}