{"id":284,"date":"2021-01-07T22:40:01","date_gmt":"2021-01-07T22:40:01","guid":{"rendered":"https:\/\/www.wp.dellenentfernung-inform.de\/?page_id=284"},"modified":"2021-07-17T11:09:06","modified_gmt":"2021-07-17T11:09:06","slug":"unser-team","status":"publish","type":"page","link":"https:\/\/dellenentfernung-inform.de\/index.php\/unser-team\/","title":{"rendered":"\u00dcber uns"},"content":{"rendered":"\n<div class=\"wp-block-cover alignfull has-nv-site-bg-background-color has-background-dim\" style=\"min-height:600px\"><div class=\"wp-block-cover__inner-container\">\n<div class=\"wp-block-group\"><div class=\"wp-block-group__inner-container\">\n<div style=\"height:80px\" aria-hidden=\"true\" class=\"wp-block-spacer\"><\/div>\n\n\n\n<div class=\"wp-block-columns are-vertically-aligned-center\">\n<div class=\"wp-block-column is-vertically-aligned-center\" style=\"flex-basis:50%\">\n<h2 class=\"has-text-align-left has-neve-text-color-color has-text-color\">In Form GmbH<\/h2>\n\n\n\n<p class=\"has-text-align-left has-neve-text-color-color has-text-color\" style=\"font-size:17px\">Wir sind ein kompetentes Team im Bereich Smart-Repair.<br><br>Unsere geschulten und motivierten Mitarbeiter sind qualifizierte Experten und Spezialisten mit unterschiedlichen Schwerpunkten, die ein fundiertes Fachwissen, langj\u00e4hrige Erfahrung und Kundenorientierung besitzen.<br><br>Unsere Techniker und Mechaniker haben eine umfangreiche Ausbildung absolviert. Alle Mitarbeiter nehmen dar\u00fcber hinaus regelm\u00e4\u00dfig an Fortbildungen und Re-Zertifizierungen teil, um immer auf dem neuesten Stand zu sein.<br><br>F\u00fcr unser leistungsstarkes Team sind Schnelligkeit, Qualit\u00e4t und Zuverl\u00e4ssigkeit keine Fremdw\u00f6rter, sondern Tag f\u00fcr Tag neue Motivation.<\/p>\n\n\n\n<div class=\"wp-block-buttons alignleft\">\n<div class=\"wp-block-button is-style-primary\"><a class=\"wp-block-button__link\" href=\"https:\/\/dellenentfernung-inform.de\/index.php\/dienstleistungen\/\">Unsere Dienstleistungen<\/a><\/div>\n<\/div>\n\n\n\n<div style=\"height:40px\" aria-hidden=\"true\" class=\"wp-block-spacer\"><\/div>\n<\/div>\n\n\n\n<div class=\"wp-block-column is-vertically-aligned-center\" style=\"flex-basis:50%\">\n<figure class=\"wp-block-image size-large\"><img src=\"https:\/\/www.dellenentfernung-inform.de\/wp-content\/uploads\/2021\/03\/cropped-Logo_web.png\" alt=\"\"\/><figcaption>Logo IN FORM GmbH Dellenentfernung und Hagelsch\u00e4den<\/figcaption><\/figure>\n<\/div>\n<\/div>\n<\/div><\/div>\n<\/div><\/div>\n\n\n\n<div class=\"wp-block-cover alignfull has-background-dim\" style=\"background-color:#272c3f;min-height:300px\"><div class=\"wp-block-cover__inner-container\">\n<div style=\"height:140px\" aria-hidden=\"true\" class=\"wp-block-spacer\"><\/div>\n\n\n\n<h2 class=\"has-text-align-center has-nv-text-dark-bg-color has-text-color\">Seit \u00fcber 20 Jahren Erfahrung<br>in Dellenentfernung und Hagelsch\u00e4den<\/h2>\n\n\n\n<p class=\"has-text-align-center has-medium-font-size\">welche sich in der Kundenzufriedenheit wiederspiegelt<\/p>\n\n\n\n<div class=\"wp-block-buttons aligncenter\">\n<div class=\"wp-block-button is-style-primary\"><a class=\"wp-block-button__link\" href=\"https:\/\/dellenentfernung-inform.de\/index.php\/referenzen\/\">Unsere Referenzen<\/a><\/div>\n<\/div>\n\n\n\n<div style=\"height:140px\" aria-hidden=\"true\" class=\"wp-block-spacer\"><\/div>\n<\/div><\/div>\n\n\n\n<div class=\"wp-block-cover alignfull has-nv-site-bg-background-color has-background-dim\" style=\"min-height:600px\"><div class=\"wp-block-cover__inner-container\">\n<div class=\"wp-block-group\"><div class=\"wp-block-group__inner-container\">\n<div style=\"height:80px\" aria-hidden=\"true\" class=\"wp-block-spacer\"><\/div>\n\n\n\n<div class=\"wp-block-columns are-vertically-aligned-center\">\n<div class=\"wp-block-column is-vertically-aligned-center\" style=\"flex-basis:50%\">\n<h2 class=\"has-text-align-left has-neve-text-color-color has-text-color\">In Form GmbH <br>ist T\u00dcV zertifiziert<br>nach DIN ISO 9001:2015<\/h2>\n\n\n\n<p class=\"has-text-align-left has-neve-text-color-color has-text-color\" style=\"font-size:17px\">Sowohl in Deutschland als auch im Ausland verbindet man eine T\u00dcV-Zertifizierung mit Sicherheit, Zuverl\u00e4ssigkeit und Qualit\u00e4t. Die Zertifizierungsgesellschaft T\u00dcV S\u00dcD bewertet und bescheinigt bei der Zertifizierung die Erf\u00fcllung von gesetzlichen Vorgaben und Standards.<br><br>Auftragsnummer: 70737943<\/p>\n\n\n\n<div class=\"wp-block-buttons alignleft\">\n<div class=\"wp-block-button is-style-primary\"><a class=\"wp-block-button__link\" href=\"https:\/\/www.din.de\/de\/neuer-inhalt\/wdc-beuth:din21:254616393\">Mehr zu DIN ISO 9001<\/a><\/div>\n<\/div>\n\n\n\n<div style=\"height:40px\" aria-hidden=\"true\" class=\"wp-block-spacer\"><\/div>\n<\/div>\n\n\n\n<div class=\"wp-block-column is-vertically-aligned-center\" style=\"flex-basis:50%\">\n<div class=\"wp-block-image\"><figure class=\"aligncenter size-large\"><img src=\"https:\/\/www.dellenentfernung-inform.de\/wp-content\/uploads\/2021\/03\/tuev-inform-gmbh-iso-9001.png\" alt=\"DIN ISO 9001:2015\nIn Form GmbH\nT\u00dcV-Zertifizierung\"\/><figcaption>DIN ISO 9001:2015<br>In Form GmbH<br>T\u00dcV-Zertifizierung<\/figcaption><\/figure><\/div>\n<\/div>\n<\/div>\n<\/div><\/div>\n<\/div><\/div>\n\n\n\n<p><\/p>\n","protected":false},"excerpt":{"rendered":"","protected":false},"author":1,"featured_media":0,"parent":0,"menu_order":0,"comment_status":"closed","ping_status":"closed","template":"","meta":{"neve_meta_sidebar":"full-width","neve_meta_container":"default","neve_meta_enable_content_width":"on","neve_meta_content_width":100,"neve_meta_title_alignment":"","neve_meta_author_avatar":"","neve_post_elements_order":"","neve_meta_disable_header":"","neve_meta_disable_footer":"","neve_meta_disable_title":"","_ti_tpc_template_sync":false,"_ti_tpc_template_id":""},"_links":{"self":[{"href":"https:\/\/dellenentfernung-inform.de\/index.php\/wp-json\/wp\/v2\/pages\/284"}],"collection":[{"href":"https:\/\/dellenentfernung-inform.de\/index.php\/wp-json\/wp\/v2\/pages"}],"about":[{"href":"https:\/\/dellenentfernung-inform.de\/index.php\/wp-json\/wp\/v2\/types\/page"}],"author":[{"embeddable":true,"href":"https:\/\/dellenentfernung-inform.de\/index.php\/wp-json\/wp\/v2\/users\/1"}],"replies":[{"embeddable":true,"href":"https:\/\/dellenentfernung-inform.de\/index.php\/wp-json\/wp\/v2\/comments?post=284"}],"version-history":[{"count":23,"href":"https:\/\/dellenentfernung-inform.de\/index.php\/wp-json\/wp\/v2\/pages\/284\/revisions"}],"predecessor-version":[{"id":1117,"href":"https:\/\/dellenentfernung-inform.de\/index.php\/wp-json\/wp\/v2\/pages\/284\/revisions\/1117"}],"wp:attachment":[{"href":"https:\/\/dellenentfernung-inform.de\/index.php\/wp-json\/wp\/v2\/media?parent=284"}],"curies":[{"name":"wp","href":"https:\/\/api.w.org\/{rel}","templated":true}]}}