{"id":286,"date":"2021-01-07T22:41:26","date_gmt":"2021-01-07T22:41:26","guid":{"rendered":"https:\/\/www.wp.dellenentfernung-inform.de\/?page_id=286"},"modified":"2021-07-17T11:09:49","modified_gmt":"2021-07-17T11:09:49","slug":"umweltbewusst","status":"publish","type":"page","link":"https:\/\/dellenentfernung-inform.de\/index.php\/umweltbewusst\/","title":{"rendered":"Umweltbewusst"},"content":{"rendered":"\n<section class=\"wp-block-themeisle-blocks-advanced-columns alignfull has-1-columns has-desktop-equal-layout has-tablet-equal-layout has-mobile-equal-layout has-nogap-gap has-vertical-flex-start\" id=\"wp-block-themeisle-blocks-advanced-columns-152ab99c\"><div class=\"wp-block-themeisle-blocks-advanced-columns-overlay\"><\/div><div class=\"innerblocks-wrap\">\n<div class=\"wp-block-themeisle-blocks-advanced-column\" id=\"wp-block-themeisle-blocks-advanced-column-df191a86\">\n<section class=\"wp-block-themeisle-blocks-advanced-columns has-1-columns has-desktop-equal-layout has-tablet-equal-layout has-mobile-equal-layout has-nogap-gap has-vertical-flex-start\" id=\"wp-block-themeisle-blocks-advanced-columns-2d0e4103\"><div class=\"wp-block-themeisle-blocks-advanced-columns-overlay\"><\/div><div class=\"innerblocks-wrap\">\n<div class=\"wp-block-themeisle-blocks-advanced-column animated bounceIn\" id=\"wp-block-themeisle-blocks-advanced-column-6db8ce09\">\n<span id=\"wp-block-themeisle-blocks-advanced-heading-bace0635\" class=\"wp-block-themeisle-blocks-advanced-heading wp-block-themeisle-blocks-advanced-heading-bace0635\"><strong>Qualit\u00e4t und Umwelt<\/strong><\/span>\n\n\n\n<h2 id=\"wp-block-themeisle-blocks-advanced-heading-6fa09ec1\" class=\"wp-block-themeisle-blocks-advanced-heading wp-block-themeisle-blocks-advanced-heading-6fa09ec1\">Unsere Umwelt ist ein wichtiges Gut, das gesch\u00fctzt und geschont werden muss.<br>Daher legen wir  ein besonderes Augenmerk auf Smart-Repair-Techniken.<br><br>Ein Leitfaden unserer Firmenphilosophie \u2013 in allen Reparaturbereichen \u2013 st\u00fctzt sich auf umweltfreundliche Reparaturmethoden, wobei wir immer h\u00f6chste Qualit\u00e4tsanspr\u00fcche erf\u00fcllen.<br><br>Den Austausch von Neu-\/Ersatzteilen k\u00f6nnen wir durch die \u201esanfte Instandsetzung\u201c bei Parkdellen oder Hagelsch\u00e4den auf ein Minimum reduzieren und tragen so zum Erhalt der nat\u00fcrlichen Ressourcen bei.<br><br>Im Bereich \u201eSmart-Repair\u201c verarbeiten wir ausschlie\u00dflich umweltfreundliche Autolacke auf Wasserbasis.<\/h2>\n<\/div>\n<\/div><\/section>\n\n\n\n<section class=\"wp-block-themeisle-blocks-advanced-columns has-3-columns has-desktop-equal-layout has-tablet-equal-layout has-mobile-collapsedRows-layout has-nogap-gap has-vertical-flex-start\" id=\"wp-block-themeisle-blocks-advanced-columns-3c939e4d\"><div class=\"wp-block-themeisle-blocks-advanced-columns-overlay\"><\/div><div class=\"innerblocks-wrap\">\n<div class=\"wp-block-themeisle-blocks-advanced-column\" id=\"wp-block-themeisle-blocks-advanced-column-9bb249cb\">\n<h2 id=\"wp-block-themeisle-blocks-advanced-heading-8fcb3ec3\" class=\"wp-block-themeisle-blocks-advanced-heading wp-block-themeisle-blocks-advanced-heading-8fcb3ec3\">Reparatur statt NEU<\/h2>\n<\/div>\n\n\n\n<div class=\"wp-block-themeisle-blocks-advanced-column\" id=\"wp-block-themeisle-blocks-advanced-column-99d2aee5\">\n<h2 id=\"wp-block-themeisle-blocks-advanced-heading-901b5c89\" class=\"wp-block-themeisle-blocks-advanced-heading wp-block-themeisle-blocks-advanced-heading-901b5c89\">Instandsetzung<\/h2>\n<\/div>\n\n\n\n<div class=\"wp-block-themeisle-blocks-advanced-column\" id=\"wp-block-themeisle-blocks-advanced-column-912f83d3\">\n<h2 id=\"wp-block-themeisle-blocks-advanced-heading-b51791a5\" class=\"wp-block-themeisle-blocks-advanced-heading wp-block-themeisle-blocks-advanced-heading-b51791a5\">Nat\u00fcrliche Ressourcen<\/h2>\n<\/div>\n<\/div><\/section>\n<\/div>\n<\/div><\/section>\n\n\n\n<section class=\"wp-block-themeisle-blocks-advanced-columns alignfull has-2-columns has-desktop-equal-layout has-tablet-equal-layout has-mobile-collapsedRows-layout has-nogap-gap has-vertical-center\" id=\"wp-block-themeisle-blocks-advanced-columns-a2558073\"><div class=\"wp-block-themeisle-blocks-advanced-columns-overlay\"><\/div><div class=\"innerblocks-wrap\">\n<div class=\"wp-block-themeisle-blocks-advanced-column\" id=\"wp-block-themeisle-blocks-advanced-column-bba4a26c\">\n<span id=\"wp-block-themeisle-blocks-advanced-heading-2b9bfb8b\" class=\"wp-block-themeisle-blocks-advanced-heading wp-block-themeisle-blocks-advanced-heading-2b9bfb8b\"><strong>Schnell und einfach<\/strong><\/span>\n\n\n\n<h2 id=\"wp-block-themeisle-blocks-advanced-heading-d5af514f\" class=\"wp-block-themeisle-blocks-advanced-heading wp-block-themeisle-blocks-advanced-heading-d5af514f\">Dellenentfernung &amp; Hagelsch\u00e4den<br>f\u00fcr Privatkunden und Unternehmen<\/h2>\n\n\n\n<p>In Form GmbH richtet seine Dienstleistungen an Unternehmen und Privatkunden die Dellen oder Beulen an ihren Autos haben und der Schaden nicht so gravierend ist, dass das Fahrzeug in einer Werkstatt repariert werden muss. <\/p>\n\n\n\n<p>F\u00fcr Gewerbetreibende bieten wir zus\u00e4tzlich einen <br><a href=\"https:\/\/www.wp.dellenentfernung-inform.de\/index.php\/vor-ort-reparaturen\/\" data-type=\"page\" data-id=\"402\"><strong>vor Ort Service<\/strong> <\/a>an.<\/p>\n\n\n\n<div class=\"wp-block-buttons\">\n<div class=\"wp-block-button is-style-secondary\"><a class=\"wp-block-button__link\" href=\"https:\/\/dellenentfernung-inform.de\/index.php\/kostenlose-anfrage\/\">Jetzt Anfragen<\/a><\/div>\n<\/div>\n<\/div>\n\n\n\n<div class=\"wp-block-themeisle-blocks-advanced-column\" id=\"wp-block-themeisle-blocks-advanced-column-befd6aa7\">\n<div class=\"wp-block-image is-style-rounded\"><figure class=\"aligncenter size-large\"><img src=\"https:\/\/www.dellenentfernung-inform.de\/wp-content\/uploads\/2021\/03\/cropped-Logo_web.png\" alt=\"\"\/><figcaption>Logo IN FORM GmbH Dellenentfernung und Hagelsch\u00e4den<\/figcaption><\/figure><\/div>\n<\/div>\n<\/div><\/section>\n\n\n\n<div class=\"wp-block-themeisle-blocks-advanced-columns has-undefined-columns has-desktop-undefined-layout has-tablet-equal-layout has-mobile-equal-layout has-default-gap has-vertical-unset\" id=\"wp-block-themeisle-blocks-advanced-columns-493787e2\"><div class=\"wp-block-themeisle-blocks-advanced-columns-overlay\"><\/div><div class=\"innerblocks-wrap\"><\/div><\/div>\n","protected":false},"excerpt":{"rendered":"","protected":false},"author":1,"featured_media":0,"parent":0,"menu_order":0,"comment_status":"closed","ping_status":"closed","template":"","meta":{"neve_meta_sidebar":"full-width","neve_meta_container":"","neve_meta_enable_content_width":"on","neve_meta_content_width":100,"neve_meta_title_alignment":"","neve_meta_author_avatar":"","neve_post_elements_order":"","neve_meta_disable_header":"","neve_meta_disable_footer":"","neve_meta_disable_title":"","_ti_tpc_template_sync":false,"_ti_tpc_template_id":""},"_links":{"self":[{"href":"https:\/\/dellenentfernung-inform.de\/index.php\/wp-json\/wp\/v2\/pages\/286"}],"collection":[{"href":"https:\/\/dellenentfernung-inform.de\/index.php\/wp-json\/wp\/v2\/pages"}],"about":[{"href":"https:\/\/dellenentfernung-inform.de\/index.php\/wp-json\/wp\/v2\/types\/page"}],"author":[{"embeddable":true,"href":"https:\/\/dellenentfernung-inform.de\/index.php\/wp-json\/wp\/v2\/users\/1"}],"replies":[{"embeddable":true,"href":"https:\/\/dellenentfernung-inform.de\/index.php\/wp-json\/wp\/v2\/comments?post=286"}],"version-history":[{"count":14,"href":"https:\/\/dellenentfernung-inform.de\/index.php\/wp-json\/wp\/v2\/pages\/286\/revisions"}],"predecessor-version":[{"id":1118,"href":"https:\/\/dellenentfernung-inform.de\/index.php\/wp-json\/wp\/v2\/pages\/286\/revisions\/1118"}],"wp:attachment":[{"href":"https:\/\/dellenentfernung-inform.de\/index.php\/wp-json\/wp\/v2\/media?parent=286"}],"curies":[{"name":"wp","href":"https:\/\/api.w.org\/{rel}","templated":true}]}}