{"id":288,"date":"2021-01-07T22:43:24","date_gmt":"2021-01-07T22:43:24","guid":{"rendered":"https:\/\/www.wp.dellenentfernung-inform.de\/?page_id=288"},"modified":"2021-07-17T11:13:53","modified_gmt":"2021-07-17T11:13:53","slug":"reparaturtechniken","status":"publish","type":"page","link":"https:\/\/dellenentfernung-inform.de\/index.php\/reparaturtechniken\/","title":{"rendered":"Reparaturtechniken"},"content":{"rendered":"\n<div class=\"wp-block-themeisle-blocks-advanced-columns alignfull has-2-columns has-desktop-equal-layout has-tablet-equal-layout has-mobile-collapsedRows-layout has-nogap-gap has-vertical-center sm-separator\" id=\"wp-block-themeisle-blocks-advanced-columns-1afa0976\"><div class=\"wp-block-themeisle-blocks-advanced-columns-overlay\"><\/div><div class=\"innerblocks-wrap\">\n<div class=\"wp-block-themeisle-blocks-advanced-column\" id=\"wp-block-themeisle-blocks-advanced-column-4efd4381\">\n<figure class=\"wp-block-image size-large is-resized is-style-default\"><img loading=\"lazy\" src=\"https:\/\/www.dellenentfernung-inform.de\/wp-content\/uploads\/2021\/03\/240_F_209048619_hEaSFRqrWVzMseyBiCH87FbXHZKUia1F.jpg\" alt=\"\" width=\"504\" height=\"336\"\/><\/figure>\n<\/div>\n\n\n\n<div class=\"wp-block-themeisle-blocks-advanced-column\" id=\"wp-block-themeisle-blocks-advanced-column-6c2514ca\">\n<h2 id=\"wp-block-themeisle-blocks-advanced-heading-b120844a\" class=\"wp-block-themeisle-blocks-advanced-heading wp-block-themeisle-blocks-advanced-heading-b120844a\"><strong>Innovative Reparaturtechniken, z.B. \u201eSanfte Instandsetzung\u201c<\/strong><\/h2>\n\n\n\n<hr class=\"wp-block-separator has-text-color has-background has-text-color-background-color has-text-color-color is-style-wide\"\/>\n\n\n\n<p>Hagelsch\u00e4den und Parkdellen an Kraftfahrzeugen k\u00f6nnen durch eine innovative Reparaturtechnik, genannt \u201eSanfte Instandsetzung\u201c, dauerhaft entfernt werden. Der Originallack bleibt \u2013 sofern er nicht besch\u00e4digt wurde \u2013 zu 100% erhalten. Mit einer Hagellampe und einer speziellen Reflektionstafel werden die Dellen sichtbar gemacht. So kann der Techniker den Verlauf der Dellen erkennen. Mittels der Hebel- oder Klebetechnik k\u00f6nnen die Dellen entfernt werden, so dass Ihr Fahrzeug sein Originalzustand beibehalten kann.<\/p>\n\n\n\n<div class=\"wp-block-buttons\">\n<div class=\"wp-block-button is-style-primary\"><a class=\"wp-block-button__link\" href=\"https:\/\/dellenentfernung-inform.de\/index.php\/kostenlose-anfrage\/\">Jetzt Anfragen<\/a><\/div>\n<\/div>\n<\/div>\n<\/div><\/div>\n\n\n\n<h2 id=\"wp-block-themeisle-blocks-advanced-heading-37193e12\" class=\"wp-block-themeisle-blocks-advanced-heading wp-block-themeisle-blocks-advanced-heading-37193e12\"><strong>Hebeltechnik<\/strong><\/h2>\n\n\n\n<p>Bei dieser Technik wird mit einem Spezialwerkzeug die Unterseite des Bleches an kleinen Stellen nach oben gedr\u00fcckt. Die Delle wird aus dem Blech heraus \u201emassiert\u201c.<\/p>\n\n\n\n<h2 id=\"wp-block-themeisle-blocks-advanced-heading-ecc87802\" class=\"wp-block-themeisle-blocks-advanced-heading wp-block-themeisle-blocks-advanced-heading-ecc87802\"><strong>Klebetechnik<\/strong><\/h2>\n\n\n\n<p>An unzug\u00e4nglichen Stellen werden mit einem speziellen Kleber kleine Zugbolzen auf die Delle aufgesetzt und mit einem Zughammer abgezogen, ohne dabei den Lack zu besch\u00e4digen. Die Delle wird aus dem Blech \u201eherausgezogen\u201c<\/p>\n\n\n\n<h2 id=\"wp-block-themeisle-blocks-advanced-heading-b8a26fbe\" class=\"wp-block-themeisle-blocks-advanced-heading wp-block-themeisle-blocks-advanced-heading-b8a26fbe\"><strong>Vorteile:<\/strong><\/h2>\n\n\n\n<ul><li>Der Originallack bleibt vollst\u00e4ndig erhalten.<\/li><li>Bis zu 70% Kostenersparnis.<\/li><li>Kein Spachteln und Schleifen.<\/li><li>Keine Wertminderung beim sp\u00e4teren Verkauf.<\/li><\/ul>\n\n\n\n<div class=\"wp-block-themeisle-blocks-advanced-columns has-1-columns has-desktop-equal-layout has-tablet-equal-layout has-mobile-equal-layout has-default-gap has-vertical-unset\" id=\"wp-block-themeisle-blocks-advanced-columns-d5bbe158\"><div class=\"wp-block-themeisle-blocks-advanced-columns-overlay\"><\/div><div class=\"innerblocks-wrap\">\n<div class=\"wp-block-themeisle-blocks-advanced-column\" id=\"wp-block-themeisle-blocks-advanced-column-3539a81d\">\n<span id=\"wp-block-themeisle-blocks-advanced-heading-b70f6fa7\" class=\"wp-block-themeisle-blocks-advanced-heading wp-block-themeisle-blocks-advanced-heading-b70f6fa7\"><strong>FAQ<\/strong><\/span>\n\n\n\n<h2 id=\"wp-block-themeisle-blocks-advanced-heading-8c53aa2d\" class=\"wp-block-themeisle-blocks-advanced-heading wp-block-themeisle-blocks-advanced-heading-8c53aa2d\">Fragen und Antworten<\/h2>\n\n\n\n<h5 id=\"wp-block-themeisle-blocks-advanced-heading-cd895a20\" class=\"wp-block-themeisle-blocks-advanced-heading wp-block-themeisle-blocks-advanced-heading-cd895a20\">Welche Sch\u00e4den k\u00f6nnen repariert werden?<\/h5>\n\n\n\n<p>In der Regel lassen sich alle Sch\u00e4den reparieren. Diese k\u00f6nnen wir schnell und kompetent beheben:<\/p>\n\n\n\n<ul><li>Dellen &amp; Beulen<\/li><li>Hagelsch\u00e4den<\/li><li>Kastaniensch\u00e4den<\/li><li>Parkrempler<\/li><li>Schrammen<\/li><li>Schnee- und Lawinensch\u00e4den<\/li><li>Kratzer im Lack<\/li><\/ul>\n\n\n\n<hr class=\"wp-block-separator has-text-color has-background has-text-color-background-color has-text-color-color is-style-wide\"\/>\n\n\n\n<h5 id=\"wp-block-themeisle-blocks-advanced-heading-f8542040\" class=\"wp-block-themeisle-blocks-advanced-heading wp-block-themeisle-blocks-advanced-heading-f8542040\">Wie wird das mit der Versicherung geregelt?<\/h5>\n\n\n\n<p>Versicherungsf\u00e4lle m\u00fcssen individuell besprochen werden. Gerne unterst\u00fctzen wir Sie dabei.<\/p>\n\n\n\n<hr class=\"wp-block-separator has-text-color has-background has-text-color-background-color has-text-color-color is-style-wide\"\/>\n\n\n\n<h5 id=\"wp-block-themeisle-blocks-advanced-heading-f588ad63\" class=\"wp-block-themeisle-blocks-advanced-heading wp-block-themeisle-blocks-advanced-heading-f588ad63\">Was kostet eine Dellenreparatur?<\/h5>\n\n\n\n<p>Diese Frage l\u00e4sst sich pauschal nicht beantworten, weil dies immer vom jeweiligen Schaden abh\u00e4ngt. Bitte setzen Sie sich mit uns dazu telefonisch in Verbindung.<\/p>\n\n\n\n<hr class=\"wp-block-separator is-style-wide\"\/>\n\n\n\n<div class=\"wp-block-buttons\">\n<div class=\"wp-block-button is-style-secondary\"><a class=\"wp-block-button__link\" href=\"https:\/\/dellenentfernung-inform.de\/index.php\/kostenlose-anfrage\/\">Unverbindliches Angebot Anfragen<\/a><\/div>\n<\/div>\n<\/div>\n<\/div><\/div>\n","protected":false},"excerpt":{"rendered":"<p>Bei dieser Technik wird mit einem Spezialwerkzeug die Unterseite des Bleches an kleinen Stellen nach oben gedr\u00fcckt. Die Delle wird aus dem Blech heraus \u201emassiert\u201c. An unzug\u00e4nglichen Stellen werden mit einem speziellen Kleber kleine Zugbolzen auf die Delle aufgesetzt und mit einem Zughammer abgezogen, ohne dabei den Lack zu besch\u00e4digen. Die Delle wird aus dem&hellip;&nbsp;<a href=\"https:\/\/dellenentfernung-inform.de\/index.php\/reparaturtechniken\/\" class=\"\" rel=\"bookmark\">Weiterlesen &raquo;<span class=\"screen-reader-text\">Reparaturtechniken<\/span><\/a><\/p>\n","protected":false},"author":1,"featured_media":0,"parent":0,"menu_order":0,"comment_status":"closed","ping_status":"closed","template":"","meta":{"neve_meta_sidebar":"full-width","neve_meta_container":"","neve_meta_enable_content_width":"on","neve_meta_content_width":100,"neve_meta_title_alignment":"","neve_meta_author_avatar":"","neve_post_elements_order":"","neve_meta_disable_header":"","neve_meta_disable_footer":"","neve_meta_disable_title":"","_ti_tpc_template_sync":false,"_ti_tpc_template_id":""},"_links":{"self":[{"href":"https:\/\/dellenentfernung-inform.de\/index.php\/wp-json\/wp\/v2\/pages\/288"}],"collection":[{"href":"https:\/\/dellenentfernung-inform.de\/index.php\/wp-json\/wp\/v2\/pages"}],"about":[{"href":"https:\/\/dellenentfernung-inform.de\/index.php\/wp-json\/wp\/v2\/types\/page"}],"author":[{"embeddable":true,"href":"https:\/\/dellenentfernung-inform.de\/index.php\/wp-json\/wp\/v2\/users\/1"}],"replies":[{"embeddable":true,"href":"https:\/\/dellenentfernung-inform.de\/index.php\/wp-json\/wp\/v2\/comments?post=288"}],"version-history":[{"count":13,"href":"https:\/\/dellenentfernung-inform.de\/index.php\/wp-json\/wp\/v2\/pages\/288\/revisions"}],"predecessor-version":[{"id":1125,"href":"https:\/\/dellenentfernung-inform.de\/index.php\/wp-json\/wp\/v2\/pages\/288\/revisions\/1125"}],"wp:attachment":[{"href":"https:\/\/dellenentfernung-inform.de\/index.php\/wp-json\/wp\/v2\/media?parent=288"}],"curies":[{"name":"wp","href":"https:\/\/api.w.org\/{rel}","templated":true}]}}