{"id":385,"date":"2021-03-02T18:26:25","date_gmt":"2021-03-02T18:26:25","guid":{"rendered":"https:\/\/www.wp.dellenentfernung-inform.de\/?page_id=385"},"modified":"2021-07-17T11:12:14","modified_gmt":"2021-07-17T11:12:14","slug":"dellenentfernung","status":"publish","type":"page","link":"https:\/\/dellenentfernung-inform.de\/index.php\/dellenentfernung\/","title":{"rendered":"Dellenentfernung"},"content":{"rendered":"\n<div class=\"wp-block-themeisle-blocks-advanced-columns alignfull has-2-columns has-desktop-equal-layout has-tablet-equal-layout has-mobile-collapsedRows-layout has-nogap-gap has-vertical-center sm-separator\" id=\"wp-block-themeisle-blocks-advanced-columns-1afa0976\"><div class=\"wp-block-themeisle-blocks-advanced-columns-overlay\"><\/div><div class=\"innerblocks-wrap\">\n<div class=\"wp-block-themeisle-blocks-advanced-column\" id=\"wp-block-themeisle-blocks-advanced-column-4efd4381\">\n<figure class=\"wp-block-image size-large is-style-default\"><img src=\"https:\/\/www.dellenentfernung-inform.de\/wp-content\/uploads\/2021\/03\/8.jpg\" alt=\"\"\/><\/figure>\n<\/div>\n\n\n\n<div class=\"wp-block-themeisle-blocks-advanced-column\" id=\"wp-block-themeisle-blocks-advanced-column-6c2514ca\">\n<h2 id=\"wp-block-themeisle-blocks-advanced-heading-b120844a\" class=\"wp-block-themeisle-blocks-advanced-heading wp-block-themeisle-blocks-advanced-heading-b120844a\"><strong>Professionelle Dellenentfernung<\/strong><\/h2>\n\n\n\n<hr class=\"wp-block-separator has-text-color has-background has-text-color-background-color has-text-color-color is-style-wide\"\/>\n\n\n\n<p>Wir sind Spezialisten wenn es um schnelle Dellenentfernung ohne Lackieren geht. Dellen und Beulen am Fahrzeug k\u00f6nnen durch herabfallende \u00c4ste oder durch Steinschl\u00e4ge am Auto sehr schnell und unerwartet entstehen, vor allem beim Einkaufen oder T\u00fcr\u00f6ffnen aber auch durch Kinder und ihren Fahrr\u00e4dern die zu nah an Ihr Fahrzeug kommen. Mit unseren Techniken sparen Sie nicht nur Zeit sondern auch Geld.<\/p>\n\n\n\n<div class=\"wp-block-buttons\">\n<div class=\"wp-block-button is-style-primary\"><a class=\"wp-block-button__link\" href=\"https:\/\/dellenentfernung-inform.de\/index.php\/kostenlose-anfrage\/\">Jetzt Anfragen<\/a><\/div>\n<\/div>\n<\/div>\n<\/div><\/div>\n\n\n\n<div class=\"wp-block-themeisle-blocks-advanced-columns has-1-columns has-desktop-equal-layout has-tablet-equal-layout has-mobile-equal-layout has-default-gap has-vertical-unset\" id=\"wp-block-themeisle-blocks-advanced-columns-d5bbe158\"><div class=\"wp-block-themeisle-blocks-advanced-columns-overlay\"><\/div><div class=\"innerblocks-wrap\">\n<div class=\"wp-block-themeisle-blocks-advanced-column\" id=\"wp-block-themeisle-blocks-advanced-column-3539a81d\">\n<span id=\"wp-block-themeisle-blocks-advanced-heading-b70f6fa7\" class=\"wp-block-themeisle-blocks-advanced-heading wp-block-themeisle-blocks-advanced-heading-b70f6fa7\"><strong>FAQ<\/strong><\/span>\n\n\n\n<h2 id=\"wp-block-themeisle-blocks-advanced-heading-8c53aa2d\" class=\"wp-block-themeisle-blocks-advanced-heading wp-block-themeisle-blocks-advanced-heading-8c53aa2d\">Fragen und Antworten<\/h2>\n\n\n\n<h5 id=\"wp-block-themeisle-blocks-advanced-heading-cd895a20\" class=\"wp-block-themeisle-blocks-advanced-heading wp-block-themeisle-blocks-advanced-heading-cd895a20\">Welche Sch\u00e4den k\u00f6nnen repariert werden?<\/h5>\n\n\n\n<p>In der Regel lassen sich alle Sch\u00e4den reparieren. Diese k\u00f6nnen wir schnell und kompetent beheben:<\/p>\n\n\n\n<ul><li>Dellen &amp; Beulen<\/li><li>Hagelsch\u00e4den<\/li><li>Kastaniensch\u00e4den<\/li><li>Parkrempler<\/li><li>Schrammen<\/li><li>Schnee- und Lawinensch\u00e4den<\/li><li>Kratzer im Lack<\/li><\/ul>\n\n\n\n<hr class=\"wp-block-separator has-text-color has-background has-text-color-background-color has-text-color-color is-style-wide\"\/>\n\n\n\n<h5 id=\"wp-block-themeisle-blocks-advanced-heading-f8542040\" class=\"wp-block-themeisle-blocks-advanced-heading wp-block-themeisle-blocks-advanced-heading-f8542040\">Wie wird das mit der Versicherung geregelt?<\/h5>\n\n\n\n<p>Versicherungsf\u00e4lle m\u00fcssen individuell besprochen werden. Gerne unterst\u00fctzen wir Sie dabei.<\/p>\n\n\n\n<hr class=\"wp-block-separator has-text-color has-background has-text-color-background-color has-text-color-color is-style-wide\"\/>\n\n\n\n<h5 id=\"wp-block-themeisle-blocks-advanced-heading-f588ad63\" class=\"wp-block-themeisle-blocks-advanced-heading wp-block-themeisle-blocks-advanced-heading-f588ad63\">Was kostet eine Dellenreparatur?<\/h5>\n\n\n\n<p>Diese Frage l\u00e4sst sich pauschal nicht beantworten, weil dies immer vom jeweiligen Schaden abh\u00e4ngt. Bitte setzen Sie sich mit uns dazu telefonisch in Verbindung.<\/p>\n\n\n\n<hr class=\"wp-block-separator is-style-wide\"\/>\n\n\n\n<div class=\"wp-block-buttons\">\n<div class=\"wp-block-button is-style-secondary\"><a class=\"wp-block-button__link\" href=\"https:\/\/dellenentfernung-inform.de\/index.php\/kostenlose-anfrage\/\">Unverbindliches Angebot Anfragen<\/a><\/div>\n<\/div>\n<\/div>\n<\/div><\/div>\n\n\n\n<div class=\"wp-block-themeisle-blocks-advanced-columns has-undefined-columns has-desktop-undefined-layout has-tablet-equal-layout has-mobile-equal-layout has-default-gap has-vertical-unset\" id=\"wp-block-themeisle-blocks-advanced-columns-bb37a831\"><div class=\"wp-block-themeisle-blocks-advanced-columns-overlay\"><\/div><div class=\"innerblocks-wrap\"><\/div><\/div>\n","protected":false},"excerpt":{"rendered":"","protected":false},"author":1,"featured_media":0,"parent":0,"menu_order":0,"comment_status":"closed","ping_status":"closed","template":"","meta":{"neve_meta_sidebar":"full-width","neve_meta_container":"","neve_meta_enable_content_width":"on","neve_meta_content_width":100,"neve_meta_title_alignment":"","neve_meta_author_avatar":"","neve_post_elements_order":"","neve_meta_disable_header":"","neve_meta_disable_footer":"","neve_meta_disable_title":"","_ti_tpc_template_sync":false,"_ti_tpc_template_id":""},"_links":{"self":[{"href":"https:\/\/dellenentfernung-inform.de\/index.php\/wp-json\/wp\/v2\/pages\/385"}],"collection":[{"href":"https:\/\/dellenentfernung-inform.de\/index.php\/wp-json\/wp\/v2\/pages"}],"about":[{"href":"https:\/\/dellenentfernung-inform.de\/index.php\/wp-json\/wp\/v2\/types\/page"}],"author":[{"embeddable":true,"href":"https:\/\/dellenentfernung-inform.de\/index.php\/wp-json\/wp\/v2\/users\/1"}],"replies":[{"embeddable":true,"href":"https:\/\/dellenentfernung-inform.de\/index.php\/wp-json\/wp\/v2\/comments?post=385"}],"version-history":[{"count":18,"href":"https:\/\/dellenentfernung-inform.de\/index.php\/wp-json\/wp\/v2\/pages\/385\/revisions"}],"predecessor-version":[{"id":1121,"href":"https:\/\/dellenentfernung-inform.de\/index.php\/wp-json\/wp\/v2\/pages\/385\/revisions\/1121"}],"wp:attachment":[{"href":"https:\/\/dellenentfernung-inform.de\/index.php\/wp-json\/wp\/v2\/media?parent=385"}],"curies":[{"name":"wp","href":"https:\/\/api.w.org\/{rel}","templated":true}]}}