{"id":415,"date":"2021-03-02T19:07:53","date_gmt":"2021-03-02T19:07:53","guid":{"rendered":"https:\/\/www.wp.dellenentfernung-inform.de\/?page_id=415"},"modified":"2021-07-17T11:15:58","modified_gmt":"2021-07-17T11:15:58","slug":"autohaeuser-und-haendler","status":"publish","type":"page","link":"https:\/\/dellenentfernung-inform.de\/index.php\/autohaeuser-und-haendler\/","title":{"rendered":"Autoh\u00e4user und H\u00e4ndler"},"content":{"rendered":"\n<div class=\"wp-block-cover alignfull has-background-dim\" style=\"background-color:#272c3f;min-height:300px\"><div class=\"wp-block-cover__inner-container\">\n<div style=\"height:140px\" aria-hidden=\"true\" class=\"wp-block-spacer\"><\/div>\n\n\n\n<h2 class=\"has-text-align-center has-nv-text-dark-bg-color has-text-color\">Unsere Dienstleistungen f\u00fcr Autoh\u00e4user<br>und H\u00e4ndler<\/h2>\n\n\n\n<div class=\"wp-block-buttons aligncenter\">\n<div class=\"wp-block-button is-style-primary\"><a class=\"wp-block-button__link\" href=\"https:\/\/dellenentfernung-inform.de\/index.php\/unser-team\/\">Mehr \u00fcber uns<\/a><\/div>\n<\/div>\n\n\n\n<div style=\"height:140px\" aria-hidden=\"true\" class=\"wp-block-spacer\"><\/div>\n<\/div><\/div>\n\n\n\n<section class=\"wp-block-themeisle-blocks-advanced-columns alignfull has-2-columns has-desktop-equal-layout has-tablet-equal-layout has-mobile-collapsedRows-layout has-nogap-gap has-vertical-center\" id=\"wp-block-themeisle-blocks-advanced-columns-a2558073\"><div class=\"wp-block-themeisle-blocks-advanced-columns-overlay\"><\/div><div class=\"innerblocks-wrap\">\n<div class=\"wp-block-themeisle-blocks-advanced-column\" id=\"wp-block-themeisle-blocks-advanced-column-bba4a26c\">\n<span id=\"wp-block-themeisle-blocks-advanced-heading-2b9bfb8b\" class=\"wp-block-themeisle-blocks-advanced-heading wp-block-themeisle-blocks-advanced-heading-2b9bfb8b\"><strong>Schnell und einfach<\/strong><\/span>\n\n\n\n<h2 id=\"wp-block-themeisle-blocks-advanced-heading-d5af514f\" class=\"wp-block-themeisle-blocks-advanced-heading wp-block-themeisle-blocks-advanced-heading-d5af514f\">Die passende L\u00f6sung im Schadensfall nach einem Hagelereignis und bei langfristigen Prozessketten.<\/h2>\n\n\n\n<p>Meistens hagelt es in den Monaten Mai, Juni, Juli, August und September, also in der Ferienzeit. Dadurch kommt es zu personellen Engp\u00e4ssen. Nach einem Hagelschlag k\u00f6nnen wir Sie zeitnah und kosteng\u00fcnstig direkt in Ihrer Werkstatt unterst\u00fctzen wobei unser mobiles Hagelteam Ihnen f\u00fcr Ihr normales Tagesgesch\u00e4ft den R\u00fccken frei h\u00e4lt. Mit Ihnen entwickeln wir innerhalb k\u00fcrzester Zeit eine individuelle L\u00f6sung, die an Ihre Infrastruktur ideal angepasst ist, um nach einem Hagelereignis die eigenen und die Kundenfahrzeuge instand zu setzen.<\/p>\n\n\n\n<p>Neben unserer Erfahrung bei der Hagelschadenbeseitigung bieten wir Ihnen auch umfangreiche Dienstleistungen im Bereich der professionellen Fahrzeugaufbereitung an. Egal, ob es um angekaufte Gebrauchtfahrzeuge, Vorf\u00fchrwagen oder die Show-Room-Fahrzeuge geht: Wir sorgen daf\u00fcr, das alles gl\u00e4nzt!<\/p>\n\n\n\n<p>F\u00fcr Gewerbetreibende bieten wir zus\u00e4tzlich einen <br><a href=\"https:\/\/www.wp.dellenentfernung-inform.de\/index.php\/vor-ort-reparaturen\/\" data-type=\"page\" data-id=\"402\"><strong>Vor-Ort-Service<\/strong> <\/a>an.<\/p>\n\n\n\n<div class=\"wp-block-buttons\">\n<div class=\"wp-block-button is-style-secondary\"><a class=\"wp-block-button__link\" href=\"https:\/\/dellenentfernung-inform.de\/index.php\/kostenlose-anfrage\/\">Jetzt Anfragen<\/a><\/div>\n<\/div>\n<\/div>\n\n\n\n<div class=\"wp-block-themeisle-blocks-advanced-column\" id=\"wp-block-themeisle-blocks-advanced-column-befd6aa7\">\n<figure class=\"wp-block-image size-large is-resized is-style-default\"><img loading=\"lazy\" src=\"https:\/\/www.dellenentfernung-inform.de\/wp-content\/uploads\/2021\/03\/240_F_222780093_uJExLKbJZF72liVRlnSiai6xfdPTdvFO.jpg\" alt=\"\" width=\"543\" height=\"362\"\/><figcaption>Autoh\u00e4user und H\u00e4ndler<\/figcaption><\/figure>\n<\/div>\n<\/div><\/section>\n\n\n\n<div class=\"wp-block-themeisle-blocks-advanced-columns has-undefined-columns has-desktop-undefined-layout has-tablet-equal-layout has-mobile-equal-layout has-default-gap has-vertical-unset\" id=\"wp-block-themeisle-blocks-advanced-columns-6b059df5\"><div class=\"wp-block-themeisle-blocks-advanced-columns-overlay\"><\/div><div class=\"innerblocks-wrap\"><\/div><\/div>\n","protected":false},"excerpt":{"rendered":"","protected":false},"author":1,"featured_media":0,"parent":0,"menu_order":0,"comment_status":"closed","ping_status":"closed","template":"","meta":{"neve_meta_sidebar":"full-width","neve_meta_container":"","neve_meta_enable_content_width":"on","neve_meta_content_width":100,"neve_meta_title_alignment":"","neve_meta_author_avatar":"","neve_post_elements_order":"","neve_meta_disable_header":"","neve_meta_disable_footer":"","neve_meta_disable_title":"","_ti_tpc_template_sync":false,"_ti_tpc_template_id":""},"_links":{"self":[{"href":"https:\/\/dellenentfernung-inform.de\/index.php\/wp-json\/wp\/v2\/pages\/415"}],"collection":[{"href":"https:\/\/dellenentfernung-inform.de\/index.php\/wp-json\/wp\/v2\/pages"}],"about":[{"href":"https:\/\/dellenentfernung-inform.de\/index.php\/wp-json\/wp\/v2\/types\/page"}],"author":[{"embeddable":true,"href":"https:\/\/dellenentfernung-inform.de\/index.php\/wp-json\/wp\/v2\/users\/1"}],"replies":[{"embeddable":true,"href":"https:\/\/dellenentfernung-inform.de\/index.php\/wp-json\/wp\/v2\/comments?post=415"}],"version-history":[{"count":12,"href":"https:\/\/dellenentfernung-inform.de\/index.php\/wp-json\/wp\/v2\/pages\/415\/revisions"}],"predecessor-version":[{"id":1130,"href":"https:\/\/dellenentfernung-inform.de\/index.php\/wp-json\/wp\/v2\/pages\/415\/revisions\/1130"}],"wp:attachment":[{"href":"https:\/\/dellenentfernung-inform.de\/index.php\/wp-json\/wp\/v2\/media?parent=415"}],"curies":[{"name":"wp","href":"https:\/\/api.w.org\/{rel}","templated":true}]}}