{"id":616,"date":"2021-03-06T16:03:00","date_gmt":"2021-03-06T16:03:00","guid":{"rendered":"https:\/\/www.wp.dellenentfernung-inform.de\/?page_id=616"},"modified":"2021-07-17T11:10:32","modified_gmt":"2021-07-17T11:10:32","slug":"referenzen","status":"publish","type":"page","link":"https:\/\/dellenentfernung-inform.de\/index.php\/referenzen\/","title":{"rendered":"Referenzen"},"content":{"rendered":"\n<h2 class=\"has-text-align-center\">Einige Referenzen und Arbeiten <br>von In Form GmbH<\/h2>\n\n\n\n<div class=\"wp-block-themeisle-blocks-advanced-columns alignfull has-3-columns has-desktop-equal-layout has-tablet-equal-layout has-mobile-collapsedRows-layout has-default-gap has-vertical-unset\" id=\"wp-block-themeisle-blocks-advanced-columns-fbdc066e\"><div class=\"wp-block-themeisle-blocks-advanced-columns-overlay\"><\/div><div class=\"innerblocks-wrap\">\n<div class=\"wp-block-themeisle-blocks-advanced-column\" id=\"wp-block-themeisle-blocks-advanced-column-2efe9b88\">\n<div class=\"wp-block-themeisle-blocks-service\">\n<p class=\"wp-block-themeisle-blocks-font-awesome-icons\" id=\"wp-block-themeisle-blocks-font-awesome-icons-c713fbe6\"><span class=\"wp-block-themeisle-blocks-font-awesome-icons-container\"><i class=\"far fa-check-circle\"><\/i><\/span><\/p>\n\n\n\n<h4 id=\"wp-block-themeisle-blocks-advanced-heading-e39f9498\" class=\"wp-block-themeisle-blocks-advanced-heading wp-block-themeisle-blocks-advanced-heading-e39f9498\">Smart-Repair<\/h4>\n\n\n\n<p id=\"wp-block-themeisle-blocks-advanced-heading-cb2ee817\" class=\"wp-block-themeisle-blocks-advanced-heading wp-block-themeisle-blocks-advanced-heading-cb2ee817\">Kleinere Fehler lassen sich durch Smart-Repair-Techniken schnell und unkompliziert reparieren.<\/p>\n<\/div>\n<\/div>\n\n\n\n<div class=\"wp-block-themeisle-blocks-advanced-column\" id=\"wp-block-themeisle-blocks-advanced-column-2bce45cc\">\n<p class=\"wp-block-themeisle-blocks-font-awesome-icons\" id=\"wp-block-themeisle-blocks-font-awesome-icons-9bd6f2c2\"><span class=\"wp-block-themeisle-blocks-font-awesome-icons-container\"><i class=\"far fa-check-circle\"><\/i><\/span><\/p>\n\n\n\n<h4 id=\"wp-block-themeisle-blocks-advanced-heading-971714da\" class=\"wp-block-themeisle-blocks-advanced-heading wp-block-themeisle-blocks-advanced-heading-971714da\">Dellenentfernung <br>&amp; Hagelsch\u00e4den<\/h4>\n\n\n\n<p id=\"wp-block-themeisle-blocks-advanced-heading-8d7f8636\" class=\"wp-block-themeisle-blocks-advanced-heading wp-block-themeisle-blocks-advanced-heading-8d7f8636\"> Mit unseren Techniken sparen Sie nicht nur Zeit sondern auch Geld.<\/p>\n<\/div>\n\n\n\n<div class=\"wp-block-themeisle-blocks-advanced-column\" id=\"wp-block-themeisle-blocks-advanced-column-9c2dcfff\">\n<p class=\"wp-block-themeisle-blocks-font-awesome-icons\" id=\"wp-block-themeisle-blocks-font-awesome-icons-b3829df8\"><span class=\"wp-block-themeisle-blocks-font-awesome-icons-container\"><i class=\"far fa-check-circle\"><\/i><\/span><\/p>\n\n\n\n<h4 id=\"wp-block-themeisle-blocks-advanced-heading-50629f61\" class=\"wp-block-themeisle-blocks-advanced-heading wp-block-themeisle-blocks-advanced-heading-50629f61\">Vor Ort Service<\/h4>\n\n\n\n<p id=\"wp-block-themeisle-blocks-advanced-heading-616c0065\" class=\"wp-block-themeisle-blocks-advanced-heading wp-block-themeisle-blocks-advanced-heading-616c0065\">Hagelsch\u00e4den k\u00f6nnen gro\u00df und klein sein, wir reparieren sie alle. F\u00fcr Gewerbetreibende auch vor Ort.<\/p>\n<\/div>\n<\/div><\/div>\n\n\n\n<h2 class=\"has-text-align-center\">Dellenentfernung sowie Hagelsch\u00e4den f\u00fcr folgende Fahrzeugmarken<br><br><br><\/h2>\n\n\n\n<div class=\"wp-block-columns\">\n<div class=\"wp-block-column\">\n<div class=\"wp-block-columns\">\n<div class=\"wp-block-column\">\n<figure class=\"wp-block-image size-large\"><img src=\"https:\/\/www.dellenentfernung-inform.de\/wp-content\/uploads\/2021\/04\/Audi-Logo-585x329-1.png\" alt=\"\"\/><\/figure>\n<\/div>\n\n\n\n<div class=\"wp-block-column\">\n<figure class=\"wp-block-image size-large\"><img src=\"https:\/\/www.dellenentfernung-inform.de\/wp-content\/uploads\/2021\/04\/bmw-logo-585x329-1.png\" alt=\"\"\/><\/figure>\n<\/div>\n<\/div>\n<\/div>\n\n\n\n<div class=\"wp-block-column\">\n<div class=\"wp-block-columns\">\n<div class=\"wp-block-column\">\n<figure class=\"wp-block-image size-large\"><img src=\"https:\/\/www.dellenentfernung-inform.de\/wp-content\/uploads\/2021\/04\/mercedes-logo-585x329-1.png\" alt=\"\"\/><\/figure>\n<\/div>\n\n\n\n<div class=\"wp-block-column\">\n<figure class=\"wp-block-image size-large\"><img src=\"https:\/\/www.dellenentfernung-inform.de\/wp-content\/uploads\/2021\/04\/volkswagen-logo-585x329-1.png\" alt=\"\"\/><\/figure>\n<\/div>\n<\/div>\n<\/div>\n\n\n\n<div class=\"wp-block-column\">\n<div class=\"wp-block-columns\">\n<div class=\"wp-block-column\">\n<figure class=\"wp-block-image size-large\"><img src=\"https:\/\/www.dellenentfernung-inform.de\/wp-content\/uploads\/2021\/04\/porsche-logo-585x329-1.png\" alt=\"\"\/><\/figure>\n<\/div>\n\n\n\n<div class=\"wp-block-column\">\n<figure class=\"wp-block-image size-large\"><img src=\"https:\/\/www.dellenentfernung-inform.de\/wp-content\/uploads\/2021\/04\/Bentley-logo-585x329-1.png\" alt=\"\"\/><\/figure>\n<\/div>\n<\/div>\n<\/div>\n<\/div>\n\n\n\n<div class=\"wp-block-columns\">\n<div class=\"wp-block-column\">\n<div class=\"wp-block-columns\">\n<div class=\"wp-block-column\">\n<figure class=\"wp-block-image size-large\"><img src=\"https:\/\/www.dellenentfernung-inform.de\/wp-content\/uploads\/2021\/04\/tesla-logo-585x329-1.png\" alt=\"\"\/><\/figure>\n<\/div>\n\n\n\n<div class=\"wp-block-column\">\n<figure class=\"wp-block-image size-large\"><img src=\"https:\/\/www.dellenentfernung-inform.de\/wp-content\/uploads\/2021\/04\/citroen-logo-585x329-1.png\" alt=\"\"\/><\/figure>\n<\/div>\n<\/div>\n<\/div>\n\n\n\n<div class=\"wp-block-column\">\n<div class=\"wp-block-columns\">\n<div class=\"wp-block-column\">\n<figure class=\"wp-block-image size-large\"><img src=\"https:\/\/www.dellenentfernung-inform.de\/wp-content\/uploads\/2021\/04\/fiat-logo-585x329-1.png\" alt=\"\"\/><\/figure>\n<\/div>\n\n\n\n<div class=\"wp-block-column\">\n<figure class=\"wp-block-image size-large\"><img src=\"https:\/\/www.dellenentfernung-inform.de\/wp-content\/uploads\/2021\/04\/ford-logo-585x329-1.png\" alt=\"\"\/><\/figure>\n<\/div>\n<\/div>\n<\/div>\n\n\n\n<div class=\"wp-block-column\">\n<div class=\"wp-block-columns\">\n<div class=\"wp-block-column\">\n<figure class=\"wp-block-image size-large\"><img src=\"https:\/\/www.dellenentfernung-inform.de\/wp-content\/uploads\/2021\/04\/dacia-logo-585x329-1.png\" alt=\"\"\/><\/figure>\n<\/div>\n\n\n\n<div class=\"wp-block-column\">\n<figure class=\"wp-block-image size-large\"><img src=\"https:\/\/www.dellenentfernung-inform.de\/wp-content\/uploads\/2021\/04\/jaguar-logo-585x329-1.png\" alt=\"\"\/><\/figure>\n<\/div>\n<\/div>\n<\/div>\n<\/div>\n\n\n\n<div class=\"wp-block-columns\">\n<div class=\"wp-block-column\">\n<div class=\"wp-block-columns\">\n<div class=\"wp-block-column\">\n<figure class=\"wp-block-image size-large\"><img src=\"https:\/\/www.dellenentfernung-inform.de\/wp-content\/uploads\/2021\/04\/kia-logo-585x329-1.png\" alt=\"\"\/><\/figure>\n<\/div>\n\n\n\n<div class=\"wp-block-column\">\n<figure class=\"wp-block-image size-large\"><img src=\"https:\/\/www.dellenentfernung-inform.de\/wp-content\/uploads\/2021\/04\/mitsubishi-logo-585x329-1.png\" alt=\"\"\/><\/figure>\n<\/div>\n<\/div>\n<\/div>\n\n\n\n<div class=\"wp-block-column\">\n<div class=\"wp-block-columns\">\n<div class=\"wp-block-column\">\n<figure class=\"wp-block-image size-large\"><img src=\"https:\/\/www.dellenentfernung-inform.de\/wp-content\/uploads\/2021\/04\/nissan-logo-585x329-1.png\" alt=\"\"\/><\/figure>\n<\/div>\n\n\n\n<div class=\"wp-block-column\">\n<figure class=\"wp-block-image size-large\"><img src=\"https:\/\/www.dellenentfernung-inform.de\/wp-content\/uploads\/2021\/04\/peugeot-logo-585x329-1.png\" alt=\"\"\/><\/figure>\n<\/div>\n<\/div>\n<\/div>\n\n\n\n<div class=\"wp-block-column\">\n<div class=\"wp-block-columns\">\n<div class=\"wp-block-column\">\n<figure class=\"wp-block-image size-large\"><img src=\"https:\/\/www.dellenentfernung-inform.de\/wp-content\/uploads\/2021\/04\/renault-logo-585x329-1.png\" alt=\"\"\/><\/figure>\n<\/div>\n\n\n\n<div class=\"wp-block-column\">\n<figure class=\"wp-block-image size-large\"><img src=\"https:\/\/www.dellenentfernung-inform.de\/wp-content\/uploads\/2021\/04\/skoda-logo-585x329-1.png\" alt=\"\"\/><\/figure>\n<\/div>\n<\/div>\n<\/div>\n<\/div>\n\n\n\n<div class=\"wp-block-columns\">\n<div class=\"wp-block-column\">\n<div class=\"wp-block-columns\">\n<div class=\"wp-block-column\">\n<figure class=\"wp-block-image size-large\"><img src=\"https:\/\/www.dellenentfernung-inform.de\/wp-content\/uploads\/2021\/04\/subaru-logo-585x329-1.png\" alt=\"\"\/><\/figure>\n<\/div>\n\n\n\n<div class=\"wp-block-column\">\n<figure class=\"wp-block-image size-large\"><img src=\"https:\/\/www.dellenentfernung-inform.de\/wp-content\/uploads\/2021\/04\/suzuki-logo-585x329-1.png\" alt=\"\"\/><\/figure>\n<\/div>\n<\/div>\n<\/div>\n\n\n\n<div class=\"wp-block-column\">\n<div class=\"wp-block-columns\">\n<div class=\"wp-block-column\">\n<figure class=\"wp-block-image size-large\"><img src=\"https:\/\/www.dellenentfernung-inform.de\/wp-content\/uploads\/2021\/04\/toyota-logo-585x329-1.png\" alt=\"\"\/><\/figure>\n<\/div>\n\n\n\n<div class=\"wp-block-column\">\n<figure class=\"wp-block-image size-large\"><img src=\"https:\/\/www.dellenentfernung-inform.de\/wp-content\/uploads\/2021\/04\/volvo-logo-585x329-1.png\" alt=\"\"\/><\/figure>\n<\/div>\n<\/div>\n<\/div>\n\n\n\n<div class=\"wp-block-column\">\n<div class=\"wp-block-columns\">\n<div class=\"wp-block-column\">\n<figure class=\"wp-block-image size-large\"><img src=\"https:\/\/www.dellenentfernung-inform.de\/wp-content\/uploads\/2021\/04\/hyundai-logo-585x329-2.png\" alt=\"\"\/><\/figure>\n<\/div>\n\n\n\n<div class=\"wp-block-column\"><\/div>\n<\/div>\n<\/div>\n<\/div>\n\n\n\n<h2 id=\"wp-block-themeisle-blocks-advanced-heading-21e4a023\" class=\"wp-block-themeisle-blocks-advanced-heading wp-block-themeisle-blocks-advanced-heading-21e4a023\"><br>Ein kleiner \u00dcberblick unserer Arbeiten<\/h2>\n\n\n\n<div class=\"wp-block-themeisle-blocks-advanced-columns alignfull has-3-columns has-desktop-equal-layout has-tablet-equal-layout has-mobile-collapsedRows-layout has-default-gap has-vertical-center\" id=\"wp-block-themeisle-blocks-advanced-columns-5be898d6\"><div class=\"wp-block-themeisle-blocks-advanced-columns-overlay\"><\/div><div class=\"innerblocks-wrap\">\n<div class=\"wp-block-themeisle-blocks-advanced-column\" id=\"wp-block-themeisle-blocks-advanced-column-2082b1bd\">\n<figure class=\"wp-block-image size-large is-style-default\"><img src=\"https:\/\/www.dellenentfernung-inform.de\/wp-content\/uploads\/2021\/03\/1v.jpg\" alt=\"\"\/><figcaption>vorher<\/figcaption><\/figure>\n<\/div>\n\n\n\n<div class=\"wp-block-themeisle-blocks-advanced-column\" id=\"wp-block-themeisle-blocks-advanced-column-f6cba639\">\n<figure class=\"wp-block-image size-large is-style-default\"><img src=\"https:\/\/www.dellenentfernung-inform.de\/wp-content\/uploads\/2021\/03\/1.jpg\" alt=\"\"\/><figcaption>Fehler<\/figcaption><\/figure>\n<\/div>\n\n\n\n<div class=\"wp-block-themeisle-blocks-advanced-column\" id=\"wp-block-themeisle-blocks-advanced-column-4248076a\">\n<figure class=\"wp-block-image size-large is-style-default\"><img src=\"https:\/\/www.dellenentfernung-inform.de\/wp-content\/uploads\/2021\/03\/1n.jpg\" alt=\"\"\/><figcaption>nachher<\/figcaption><\/figure>\n<\/div>\n<\/div><\/div>\n\n\n\n<div class=\"wp-block-themeisle-blocks-advanced-columns alignfull has-3-columns has-desktop-equal-layout has-tablet-equal-layout has-mobile-collapsedRows-layout has-default-gap has-vertical-center\" id=\"wp-block-themeisle-blocks-advanced-columns-5f52ef20\"><div class=\"wp-block-themeisle-blocks-advanced-columns-overlay\"><\/div><div class=\"innerblocks-wrap\">\n<div class=\"wp-block-themeisle-blocks-advanced-column\" id=\"wp-block-themeisle-blocks-advanced-column-f6d88dde\">\n<figure class=\"wp-block-image size-large is-style-default\"><img src=\"https:\/\/www.dellenentfernung-inform.de\/wp-content\/uploads\/2021\/03\/6v.jpg\" alt=\"\"\/><figcaption>vorher<\/figcaption><\/figure>\n<\/div>\n\n\n\n<div class=\"wp-block-themeisle-blocks-advanced-column\" id=\"wp-block-themeisle-blocks-advanced-column-744b4c45\">\n<figure class=\"wp-block-image size-large is-style-default\"><img src=\"https:\/\/www.dellenentfernung-inform.de\/wp-content\/uploads\/2021\/03\/6.jpg\" alt=\"\"\/><figcaption>Fehler<\/figcaption><\/figure>\n<\/div>\n\n\n\n<div class=\"wp-block-themeisle-blocks-advanced-column\" id=\"wp-block-themeisle-blocks-advanced-column-c998a1f2\">\n<figure class=\"wp-block-image size-large is-style-default\"><img src=\"https:\/\/www.dellenentfernung-inform.de\/wp-content\/uploads\/2021\/03\/6n.jpg\" alt=\"\"\/><figcaption>nachher<\/figcaption><\/figure>\n<\/div>\n<\/div><\/div>\n\n\n\n<div class=\"wp-block-themeisle-blocks-advanced-columns alignfull has-3-columns has-desktop-equal-layout has-tablet-equal-layout has-mobile-collapsedRows-layout has-default-gap has-vertical-center\" id=\"wp-block-themeisle-blocks-advanced-columns-4bd70e7e\"><div class=\"wp-block-themeisle-blocks-advanced-columns-overlay\"><\/div><div class=\"innerblocks-wrap\">\n<div class=\"wp-block-themeisle-blocks-advanced-column\" id=\"wp-block-themeisle-blocks-advanced-column-275de191\">\n<figure class=\"wp-block-image size-large is-style-default\"><img src=\"https:\/\/www.dellenentfernung-inform.de\/wp-content\/uploads\/2021\/03\/2v.jpg\" alt=\"\"\/><figcaption>vorher<\/figcaption><\/figure>\n<\/div>\n\n\n\n<div class=\"wp-block-themeisle-blocks-advanced-column\" id=\"wp-block-themeisle-blocks-advanced-column-6a82e23b\">\n<figure class=\"wp-block-image size-large is-style-default\"><img src=\"https:\/\/www.dellenentfernung-inform.de\/wp-content\/uploads\/2021\/03\/2.jpg\" alt=\"\"\/><figcaption>Fehler<\/figcaption><\/figure>\n<\/div>\n\n\n\n<div class=\"wp-block-themeisle-blocks-advanced-column\" id=\"wp-block-themeisle-blocks-advanced-column-bf4e7b65\">\n<figure class=\"wp-block-image size-large is-style-default\"><img src=\"https:\/\/www.dellenentfernung-inform.de\/wp-content\/uploads\/2021\/03\/2n.jpg\" alt=\"\"\/><figcaption>nachher<\/figcaption><\/figure>\n<\/div>\n<\/div><\/div>\n\n\n\n<div class=\"wp-block-themeisle-blocks-advanced-columns alignfull has-3-columns has-desktop-equal-layout has-tablet-equal-layout has-mobile-collapsedRows-layout has-default-gap has-vertical-center\" id=\"wp-block-themeisle-blocks-advanced-columns-b5431052\"><div class=\"wp-block-themeisle-blocks-advanced-columns-overlay\"><\/div><div class=\"innerblocks-wrap\">\n<div class=\"wp-block-themeisle-blocks-advanced-column\" id=\"wp-block-themeisle-blocks-advanced-column-18e8f372\">\n<figure class=\"wp-block-image size-large is-style-default\"><img src=\"https:\/\/www.dellenentfernung-inform.de\/wp-content\/uploads\/2021\/03\/3v.jpg\" alt=\"\"\/><figcaption>vorher<\/figcaption><\/figure>\n<\/div>\n\n\n\n<div class=\"wp-block-themeisle-blocks-advanced-column\" id=\"wp-block-themeisle-blocks-advanced-column-89565ab4\">\n<figure class=\"wp-block-image size-large is-style-default\"><img src=\"https:\/\/www.dellenentfernung-inform.de\/wp-content\/uploads\/2021\/03\/3.jpg\" alt=\"\"\/><figcaption>Fehler<\/figcaption><\/figure>\n<\/div>\n\n\n\n<div class=\"wp-block-themeisle-blocks-advanced-column\" id=\"wp-block-themeisle-blocks-advanced-column-ec4fedfd\">\n<figure class=\"wp-block-image size-large is-style-default\"><img src=\"https:\/\/www.dellenentfernung-inform.de\/wp-content\/uploads\/2021\/03\/3n.jpg\" alt=\"\"\/><figcaption>nachher<\/figcaption><\/figure>\n<\/div>\n<\/div><\/div>\n\n\n\n<div class=\"wp-block-themeisle-blocks-advanced-columns alignfull has-3-columns has-desktop-equal-layout has-tablet-equal-layout has-mobile-collapsedRows-layout has-default-gap has-vertical-center\" id=\"wp-block-themeisle-blocks-advanced-columns-ddace7c7\"><div class=\"wp-block-themeisle-blocks-advanced-columns-overlay\"><\/div><div class=\"innerblocks-wrap\">\n<div class=\"wp-block-themeisle-blocks-advanced-column\" id=\"wp-block-themeisle-blocks-advanced-column-1f372011\">\n<figure class=\"wp-block-image size-large is-style-default\"><img src=\"https:\/\/www.dellenentfernung-inform.de\/wp-content\/uploads\/2021\/03\/4v.jpg\" alt=\"\"\/><figcaption>vorher<\/figcaption><\/figure>\n<\/div>\n\n\n\n<div class=\"wp-block-themeisle-blocks-advanced-column\" id=\"wp-block-themeisle-blocks-advanced-column-ac902064\">\n<figure class=\"wp-block-image size-large is-style-default\"><img src=\"https:\/\/www.dellenentfernung-inform.de\/wp-content\/uploads\/2021\/03\/refs_grey.jpg\" alt=\"\"\/><figcaption>Fehler<\/figcaption><\/figure>\n<\/div>\n\n\n\n<div class=\"wp-block-themeisle-blocks-advanced-column\" id=\"wp-block-themeisle-blocks-advanced-column-86bb27ff\">\n<figure class=\"wp-block-image size-large is-style-default\"><img src=\"https:\/\/www.dellenentfernung-inform.de\/wp-content\/uploads\/2021\/03\/4n.jpg\" alt=\"\"\/><figcaption>nachher<\/figcaption><\/figure>\n<\/div>\n<\/div><\/div>\n\n\n\n<div class=\"wp-block-themeisle-blocks-advanced-columns alignfull has-3-columns has-desktop-equal-layout has-tablet-equal-layout has-mobile-collapsedRows-layout has-default-gap has-vertical-center\" id=\"wp-block-themeisle-blocks-advanced-columns-98586c0e\"><div class=\"wp-block-themeisle-blocks-advanced-columns-overlay\"><\/div><div class=\"innerblocks-wrap\">\n<div class=\"wp-block-themeisle-blocks-advanced-column\" id=\"wp-block-themeisle-blocks-advanced-column-d14b403b\">\n<figure class=\"wp-block-image size-large is-style-default\"><img src=\"https:\/\/www.dellenentfernung-inform.de\/wp-content\/uploads\/2021\/03\/5v.jpg\" alt=\"\"\/><figcaption>vorher<\/figcaption><\/figure>\n<\/div>\n\n\n\n<div class=\"wp-block-themeisle-blocks-advanced-column\" id=\"wp-block-themeisle-blocks-advanced-column-c42d112c\">\n<figure class=\"wp-block-image size-large is-style-default\"><img src=\"https:\/\/www.dellenentfernung-inform.de\/wp-content\/uploads\/2021\/03\/5.jpg\" alt=\"\"\/><figcaption>Fehler<\/figcaption><\/figure>\n<\/div>\n\n\n\n<div class=\"wp-block-themeisle-blocks-advanced-column\" id=\"wp-block-themeisle-blocks-advanced-column-7235aa1b\">\n<figure class=\"wp-block-image size-large is-style-default\"><img src=\"https:\/\/www.dellenentfernung-inform.de\/wp-content\/uploads\/2021\/03\/5n.jpg\" alt=\"\"\/><figcaption>nachher<\/figcaption><\/figure>\n<\/div>\n<\/div><\/div>\n\n\n\n<div class=\"wp-block-themeisle-blocks-advanced-columns alignfull has-3-columns has-desktop-equal-layout has-tablet-equal-layout has-mobile-collapsedRows-layout has-default-gap has-vertical-center\" id=\"wp-block-themeisle-blocks-advanced-columns-b49957b8\"><div class=\"wp-block-themeisle-blocks-advanced-columns-overlay\"><\/div><div class=\"innerblocks-wrap\">\n<div class=\"wp-block-themeisle-blocks-advanced-column\" id=\"wp-block-themeisle-blocks-advanced-column-dbf824c1\">\n<figure class=\"wp-block-image size-large is-style-default\"><img src=\"https:\/\/www.dellenentfernung-inform.de\/wp-content\/uploads\/2021\/03\/7v.jpg\" alt=\"\"\/><figcaption>vorher<\/figcaption><\/figure>\n<\/div>\n\n\n\n<div class=\"wp-block-themeisle-blocks-advanced-column\" id=\"wp-block-themeisle-blocks-advanced-column-769570ac\">\n<figure class=\"wp-block-image size-large is-style-default\"><img src=\"https:\/\/www.dellenentfernung-inform.de\/wp-content\/uploads\/2021\/03\/7.jpg\" alt=\"\"\/><figcaption>Fehler<\/figcaption><\/figure>\n<\/div>\n\n\n\n<div class=\"wp-block-themeisle-blocks-advanced-column\" id=\"wp-block-themeisle-blocks-advanced-column-68507bcc\">\n<figure class=\"wp-block-image size-large is-style-default\"><img src=\"https:\/\/www.dellenentfernung-inform.de\/wp-content\/uploads\/2021\/03\/7n.jpg\" alt=\"\"\/><figcaption>nachher<\/figcaption><\/figure>\n<\/div>\n<\/div><\/div>\n\n\n\n<div class=\"wp-block-themeisle-blocks-advanced-columns alignfull has-3-columns has-desktop-equal-layout has-tablet-equal-layout has-mobile-collapsedRows-layout has-default-gap has-vertical-center\" id=\"wp-block-themeisle-blocks-advanced-columns-75bdbd70\"><div class=\"wp-block-themeisle-blocks-advanced-columns-overlay\"><\/div><div class=\"innerblocks-wrap\">\n<div class=\"wp-block-themeisle-blocks-advanced-column\" id=\"wp-block-themeisle-blocks-advanced-column-e89943b5\">\n<figure class=\"wp-block-image size-large is-style-default\"><img src=\"https:\/\/www.dellenentfernung-inform.de\/wp-content\/uploads\/2021\/03\/8v.jpg\" alt=\"\"\/><figcaption>vorher<\/figcaption><\/figure>\n<\/div>\n\n\n\n<div class=\"wp-block-themeisle-blocks-advanced-column\" id=\"wp-block-themeisle-blocks-advanced-column-0993bd70\">\n<figure class=\"wp-block-image size-large is-style-default\"><img src=\"https:\/\/www.dellenentfernung-inform.de\/wp-content\/uploads\/2021\/03\/8.jpg\" alt=\"\"\/><figcaption>Fehler<\/figcaption><\/figure>\n<\/div>\n\n\n\n<div class=\"wp-block-themeisle-blocks-advanced-column\" id=\"wp-block-themeisle-blocks-advanced-column-c6c3b93b\">\n<figure class=\"wp-block-image size-large is-style-default\"><img src=\"https:\/\/www.dellenentfernung-inform.de\/wp-content\/uploads\/2021\/03\/8n.jpg\" alt=\"\"\/><figcaption>nachher<\/figcaption><\/figure>\n<\/div>\n<\/div><\/div>\n\n\n\n<div class=\"wp-block-cover alignfull has-background-dim\" style=\"background-color:#272c3f;min-height:300px\"><div class=\"wp-block-cover__inner-container\">\n<div style=\"height:140px\" aria-hidden=\"true\" class=\"wp-block-spacer\"><\/div>\n\n\n\n<h2 class=\"has-text-align-center has-nv-text-dark-bg-color has-text-color\">Seit \u00fcber 20 Jahren Erfahrung<br>in Dellenentfernung und Hagelsch\u00e4den<\/h2>\n\n\n\n<p class=\"has-text-align-center has-medium-font-size\">welche sich in der Kundenzufriedenheit wiederspiegelt<\/p>\n\n\n\n<div class=\"wp-block-buttons aligncenter\">\n<div class=\"wp-block-button is-style-primary\"><a class=\"wp-block-button__link\" href=\"https:\/\/dellenentfernung-inform.de\/index.php\/kostenlose-anfrage\/\">Jetzt Kostenlos Anfragen<\/a><\/div>\n<\/div>\n\n\n\n<div style=\"height:140px\" aria-hidden=\"true\" class=\"wp-block-spacer\"><\/div>\n<\/div><\/div>\n\n\n\n<div class=\"wp-block-themeisle-blocks-advanced-columns has-undefined-columns has-desktop-undefined-layout has-tablet-equal-layout has-mobile-equal-layout has-default-gap has-vertical-unset\" id=\"wp-block-themeisle-blocks-advanced-columns-902be5e6\"><div class=\"wp-block-themeisle-blocks-advanced-columns-overlay\"><\/div><div class=\"innerblocks-wrap\"><\/div><\/div>\n","protected":false},"excerpt":{"rendered":"<p>Einige Referenzen und Arbeiten von In Form GmbH Dellenentfernung sowie Hagelsch\u00e4den f\u00fcr folgende Fahrzeugmarken<\/p>\n","protected":false},"author":1,"featured_media":0,"parent":0,"menu_order":0,"comment_status":"closed","ping_status":"closed","template":"","meta":{"neve_meta_sidebar":"full-width","neve_meta_container":"","neve_meta_enable_content_width":"on","neve_meta_content_width":100,"neve_meta_title_alignment":"","neve_meta_author_avatar":"","neve_post_elements_order":"","neve_meta_disable_header":"","neve_meta_disable_footer":"","neve_meta_disable_title":"","_ti_tpc_template_sync":false,"_ti_tpc_template_id":""},"_links":{"self":[{"href":"https:\/\/dellenentfernung-inform.de\/index.php\/wp-json\/wp\/v2\/pages\/616"}],"collection":[{"href":"https:\/\/dellenentfernung-inform.de\/index.php\/wp-json\/wp\/v2\/pages"}],"about":[{"href":"https:\/\/dellenentfernung-inform.de\/index.php\/wp-json\/wp\/v2\/types\/page"}],"author":[{"embeddable":true,"href":"https:\/\/dellenentfernung-inform.de\/index.php\/wp-json\/wp\/v2\/users\/1"}],"replies":[{"embeddable":true,"href":"https:\/\/dellenentfernung-inform.de\/index.php\/wp-json\/wp\/v2\/comments?post=616"}],"version-history":[{"count":32,"href":"https:\/\/dellenentfernung-inform.de\/index.php\/wp-json\/wp\/v2\/pages\/616\/revisions"}],"predecessor-version":[{"id":1119,"href":"https:\/\/dellenentfernung-inform.de\/index.php\/wp-json\/wp\/v2\/pages\/616\/revisions\/1119"}],"wp:attachment":[{"href":"https:\/\/dellenentfernung-inform.de\/index.php\/wp-json\/wp\/v2\/media?parent=616"}],"curies":[{"name":"wp","href":"https:\/\/api.w.org\/{rel}","templated":true}]}}